{"id":588,"date":"2025-03-23T19:01:24","date_gmt":"2025-03-23T18:01:24","guid":{"rendered":"https:\/\/wellness-nutrition-business.com\/index.php\/recherche-recette\/"},"modified":"2025-03-24T10:10:33","modified_gmt":"2025-03-24T09:10:33","slug":"recherche-recette","status":"publish","type":"page","link":"https:\/\/wellness-nutrition-business.com\/es\/recherche-recette\/","title":{"rendered":"Recherche de recettes"},"content":{"rendered":"\n[et_pb_section][et_pb_row][et_pb_column type=\u00a0\u00bb4_4&Prime;][et_pb_text]<div class=\"dr-advance-search\">\n\t\t\t<header class=\"page-header\">\n\t\t\t<div class=\"container\">\n\t\t\t\t<form role=\"search\" method=\"get\" class=\"search-form\" action=\"https:\/\/wellness-nutrition-business.com\/es\/\">\n\t\t\t\t\t<label>\n\t\t\t\t\t\t<input type=\"search\" class=\"search-field\" placeholder=\"Search Recipes...\" value=\"\" name=\"s\" \/>\n\t\t\t\t\t\t<input type=\"hidden\" name=\"post_type\" value=\"recipe\" \/>\n\t\t\t\t\t<\/label>\n\t\t\t\t\t<input type=\"submit\" class=\"search-submit\" value=\"Search\" \/>\n\t\t\t\t<\/form>\n\t\t\t<\/div>\n\t\t<\/header>\n\t\t<div class=\"advance-search-options\">\n\t<div class=\"container\">\n\t\t\t<div class=\"advance-search-block\">\n\t\t\t<label class=\"advance-search-title\">Saison<\/label>\n\t\t\t<div class=\"advance-search-field  dr-search-field\">\n\t\t\t\t<select class=\"js-select2\" multiple=\"multiple\"  name='seasons'>\n\t\t\t<option data-title=\"Fall\" value=\"fall\" id=\"fall\" name='seasons'>\n\t\t\tFall\t\t\t\t\t(0)\n\t\t\t\t\t\t<\/option>\n\t\t\t<option data-title=\"Winter\" value=\"winter\" id=\"winter\" name='seasons'>\n\t\t\tWinter\t\t\t\t\t(1)\n\t\t\t\t\t\t<\/option>\n\t\t\t<option data-title=\"Summer\" value=\"summer\" id=\"summer\" name='seasons'>\n\t\t\tSummer\t\t\t\t\t(2)\n\t\t\t\t\t\t<\/option>\n\t\t\t<option data-title=\"Spring\" value=\"spring\" id=\"spring\" name='seasons'>\n\t\t\tSpring\t\t\t\t\t(0)\n\t\t\t\t\t\t<\/option>\n\t\t\t<option data-title=\"Suitable throughout the year\" value=\"available\" id=\"suitable-throughout-the-year\" name='seasons'>\n\t\t\tSuitable throughout the year\t\t\t\t\t(0)\n\t\t\t\t\t\t<\/option>\n\t<\/select>\n\t\t\t<\/div>\n\t\t<\/div>\n\t\t\t<div class=\"advance-search-block\">\n\t\t\t<label class=\"advance-search-title\">Cuisine<\/label>\n\t\t\t<div class=\"advance-search-field  dr-search-field\">\n\t\t\t\t<select class=\"js-select2\" multiple=\"multiple\"  name='recipe_cuisines'> \n    <\/select>\n\t\t\t<\/div>\n\t\t<\/div>\n\t\t\t<div class=\"advance-search-block\">\n\t\t\t<label class=\"advance-search-title\">Type de recette<\/label>\n\t\t\t<div class=\"advance-search-field  dr-search-field\">\n\t\t\t\t<select class=\"js-select2\" multiple=\"multiple\"  name='recipe_courses'> \n    \t\t<option data-title=\"G\u00e2teau\" class=\"\" value='55' id=\"gateau\" name='recipe_courses'>\n\n\t\t\tG\u00e2teau\t\t\t\t\t(1)\n\t\t\t\t\t\t<\/option>\n\t\t<\/select>\n\t\t\t<\/div>\n\t\t<\/div>\n\t\t\t<div class=\"advance-search-block\">\n\t\t\t<label class=\"advance-search-title\">M\u00e9thode de cuisson<\/label>\n\t\t\t<div class=\"advance-search-field  dr-search-field\">\n\t\t\t\t<select class=\"js-select2\" multiple=\"multiple\"  name='recipe_cooking_methods'> \n    <\/select>\n\t\t\t<\/div>\n\t\t<\/div>\n\t\t\t<div class=\"advance-search-block\">\n\t\t\t<label class=\"advance-search-title\">Difficult\u00e9<\/label>\n\t\t\t<div class=\"advance-search-field  dr-search-field\">\n\t\t\t\t<select class=\"js-select2\" multiple=\"multiple\"  name='difficulty_level'>\n\t\t\t<option data-title=\"Beginner\" value=\"beginner\" id=\"beginner\" name='difficulty_level'>\n\t\t\tBeginner\t\t\t\t\t(4)\n\t\t\t\t\t\t<\/option>\n\t\t\t<option data-title=\"Intermediate\" value=\"intermediate\" id=\"intermediate\" name='difficulty_level'>\n\t\t\tIntermediate\t\t\t\t\t(0)\n\t\t\t\t\t\t<\/option>\n\t\t\t<option data-title=\"Advanced\" value=\"advanced\" id=\"advanced\" name='difficulty_level'>\n\t\t\tAdvanced\t\t\t\t\t(0)\n\t\t\t\t\t\t<\/option>\n\t<\/select>\n\t\t\t<\/div>\n\t\t<\/div>\n\t\t\t<div class=\"advance-search-block\">\n\t\t\t<label class=\"advance-search-title\">Ingr\u00e9dients<\/label>\n\t\t\t<div class=\"advance-search-field  dr-search-field\">\n\t\t\t\t<select class=\"js-select2\" multiple=\"multiple\"  name='recipe_ingredients'>\n\t\t\t<option data-title=\"(52 g) de Formula 1 Vanille Onctueuse\" value=\"(52 g) de Formula 1 Vanille Onctueuse\" id=\"52-g-de-formula-1-vanille-onctueuse\" name='recipe_ingredients'>\n\t\t\t(52 g) de Formula 1 Vanille Onctueuse\t\t\t\t\t(1)\n\t\t\t\t\t\t<\/option>\n\t\t\t<option data-title=\"(6,8 g) de Boisson Multi-Fibres\" value=\"(6,8 g) de Boisson Multi-Fibres\" id=\"68-g-de-boisson-multi-fibres\" name='recipe_ingredients'>\n\t\t\t(6,8 g) de Boisson Multi-Fibres\t\t\t\t\t(1)\n\t\t\t\t\t\t<\/option>\n\t\t\t<option data-title=\"Beurre fondu\" value=\"Beurre fondu\" id=\"beurre-fondu\" name='recipe_ingredients'>\n\t\t\tBeurre fondu\t\t\t\t\t(1)\n\t\t\t\t\t\t<\/option>\n\t\t\t<option data-title=\"Biscuits\" value=\"Biscuits\" id=\"biscuits\" name='recipe_ingredients'>\n\t\t\tBiscuits\t\t\t\t\t(1)\n\t\t\t\t\t\t<\/option>\n\t\t\t<option data-title=\"Brown sugar\" value=\"Brown sugar\" id=\"brown-sugar\" name='recipe_ingredients'>\n\t\t\tBrown sugar\t\t\t\t\t(1)\n\t\t\t\t\t\t<\/option>\n\t\t\t<option data-title=\"Cinnamon\" value=\"Cinnamon\" id=\"cinnamon\" name='recipe_ingredients'>\n\t\t\tCinnamon\t\t\t\t\t(1)\n\t\t\t\t\t\t<\/option>\n\t\t\t<option data-title=\"Cloux de girofle\" value=\"Cloux de girofle\" id=\"cloux-de-girofle\" name='recipe_ingredients'>\n\t\t\tCloux de girofle\t\t\t\t\t(1)\n\t\t\t\t\t\t<\/option>\n\t\t\t<option data-title=\"De canneberges s\u00e9ch\u00e9es, hach\u00e9es finement\" value=\"De canneberges s\u00e9ch\u00e9es, hach\u00e9es finement\" id=\"de-canneberges-sechees-hachees-finement\" name='recipe_ingredients'>\n\t\t\tDe canneberges s\u00e9ch\u00e9es, hach\u00e9es finement\t\t\t\t\t(1)\n\t\t\t\t\t\t<\/option>\n\t\t\t<option data-title=\"De couleurs diff\u00e9rentes. Pour ma part, je pr\u00e9f\u00e8re le gel. Rouge, orange, jaune, vert, violet\" value=\"De couleurs diff\u00e9rentes. Pour ma part, je pr\u00e9f\u00e8re le gel. Rouge, orange, jaune, vert, violet\" id=\"de-couleurs-differentes-pour-ma-part-je-prefere-le-gel-rouge-orange-jaune-vert-violet\" name='recipe_ingredients'>\n\t\t\tDe couleurs diff\u00e9rentes. Pour ma part, je pr\u00e9f\u00e8re le gel. Rouge, orange, jaune, vert, violet\t\t\t\t\t(1)\n\t\t\t\t\t\t<\/option>\n\t\t\t<option data-title=\"De fromage frais all\u00e9g\u00e9\" value=\"De fromage frais all\u00e9g\u00e9\" id=\"de-fromage-frais-allege\" name='recipe_ingredients'>\n\t\t\tDe fromage frais all\u00e9g\u00e9\t\t\t\t\t(1)\n\t\t\t\t\t\t<\/option>\n\t\t\t<option data-title=\"De fromage frais vegan\" value=\"De fromage frais vegan\" id=\"de-fromage-frais-vegan\" name='recipe_ingredients'>\n\t\t\tDe fromage frais vegan\t\t\t\t\t(1)\n\t\t\t\t\t\t<\/option>\n\t\t\t<option data-title=\"De noix de p\u00e9can grossi\u00e8rement concass\u00e9es\" value=\"De noix de p\u00e9can grossi\u00e8rement concass\u00e9es\" id=\"de-noix-de-pecan-grossierement-concassees\" name='recipe_ingredients'>\n\t\t\tDe noix de p\u00e9can grossi\u00e8rement concass\u00e9es\t\t\t\t\t(1)\n\t\t\t\t\t\t<\/option>\n\t\t\t<option data-title=\"De pistaches grossi\u00e8rement concass\u00e9es\" value=\"De pistaches grossi\u00e8rement concass\u00e9es\" id=\"de-pistaches-grossierement-concassees\" name='recipe_ingredients'>\n\t\t\tDe pistaches grossi\u00e8rement concass\u00e9es\t\t\t\t\t(1)\n\t\t\t\t\t\t<\/option>\n\t\t\t<option data-title=\"De poivre noir grossi\u00e8rement moulu\" value=\"De poivre noir grossi\u00e8rement moulu\" id=\"de-poivre-noir-grossierement-moulu\" name='recipe_ingredients'>\n\t\t\tDe poivre noir grossi\u00e8rement moulu\t\t\t\t\t(1)\n\t\t\t\t\t\t<\/option>\n\t\t\t<option data-title=\"D\u2019eau froide\" value=\"D\u2019eau froide\" id=\"deau-froide\" name='recipe_ingredients'>\n\t\t\tD\u2019eau froide\t\t\t\t\t(1)\n\t\t\t\t\t\t<\/option>\n\t\t\t<option data-title=\"Eau\" value=\"Eau\" id=\"eau\" name='recipe_ingredients'>\n\t\t\tEau\t\t\t\t\t(1)\n\t\t\t\t\t\t<\/option>\n\t\t\t<option data-title=\"Eggs\" value=\"Eggs\" id=\"eggs\" name='recipe_ingredients'>\n\t\t\tEggs\t\t\t\t\t(1)\n\t\t\t\t\t\t<\/option>\n\t\t\t<option data-title=\"Extrait de vanille\" value=\"Extrait de vanille\" id=\"extrait-de-vanille\" name='recipe_ingredients'>\n\t\t\tExtrait de vanille\t\t\t\t\t(1)\n\t\t\t\t\t\t<\/option>\n\t\t\t<option data-title=\"Fleur de badiane\" value=\"Fleur de badiane\" id=\"fleur-de-badiane\" name='recipe_ingredients'>\n\t\t\tFleur de badiane\t\t\t\t\t(1)\n\t\t\t\t\t\t<\/option>\n\t\t\t<option data-title=\"French bread\" value=\"French bread\" id=\"french-bread\" name='recipe_ingredients'>\n\t\t\tFrench bread\t\t\t\t\t(1)\n\t\t\t\t\t\t<\/option>\n\t\t\t<option data-title=\"Gingembre frais\" value=\"Gingembre frais\" id=\"gingembre-frais\" name='recipe_ingredients'>\n\t\t\tGingembre frais\t\t\t\t\t(1)\n\t\t\t\t\t\t<\/option>\n\t\t\t<option data-title=\"Immune Booster\" value=\"Immune Booster\" id=\"immune-booster\" name='recipe_ingredients'>\n\t\t\tImmune Booster\t\t\t\t\t(1)\n\t\t\t\t\t\t<\/option>\n\t\t\t<option data-title=\"Lait demi-\u00e9cr\u00e9m\u00e9\" value=\"Lait demi-\u00e9cr\u00e9m\u00e9\" id=\"lait-demi-ecreme\" name='recipe_ingredients'>\n\t\t\tLait demi-\u00e9cr\u00e9m\u00e9\t\t\t\t\t(1)\n\t\t\t\t\t\t<\/option>\n\t\t\t<option data-title=\"LiftOff Max H24 Saveur Pamplemousse (4,2g)\" value=\"LiftOff Max H24 Saveur Pamplemousse (4,2g)\" id=\"liftoff-max-h24-saveur-pamplemousse-42g\" name='recipe_ingredients'>\n\t\t\tLiftOff Max H24 Saveur Pamplemousse (4,2g)\t\t\t\t\t(1)\n\t\t\t\t\t\t<\/option>\n\t\t\t<option data-title=\"Miel\" value=\"Miel\" id=\"miel\" name='recipe_ingredients'>\n\t\t\tMiel\t\t\t\t\t(1)\n\t\t\t\t\t\t<\/option>\n\t\t\t<option data-title=\"Milk\" value=\"Milk\" id=\"milk\" name='recipe_ingredients'>\n\t\t\tMilk\t\t\t\t\t(1)\n\t\t\t\t\t\t<\/option>\n\t\t\t<option data-title=\"M\u00e9lange Vegan pour Boisson Prot\u00e9in\u00e9e\" value=\"M\u00e9lange Vegan pour Boisson Prot\u00e9in\u00e9e\" id=\"melange-vegan-pour-boisson-proteinee\" name='recipe_ingredients'>\n\t\t\tM\u00e9lange Vegan pour Boisson Prot\u00e9in\u00e9e\t\t\t\t\t(1)\n\t\t\t\t\t\t<\/option>\n\t\t\t<option data-title=\"Sugar\" value=\"Sugar\" id=\"sugar\" name='recipe_ingredients'>\n\t\t\tSugar\t\t\t\t\t(1)\n\t\t\t\t\t\t<\/option>\n\t\t\t<option data-title=\"Vanilla\" value=\"Vanilla\" id=\"vanilla\" name='recipe_ingredients'>\n\t\t\tVanilla\t\t\t\t\t(1)\n\t\t\t\t\t\t<\/option>\n\t<\/select>\n\t\t\t<\/div>\n\t\t<\/div>\n\t\t\t<div class=\"advance-search-block\">\n\t\t\t<label class=\"advance-search-title\">Facteur simple<\/label>\n\t\t\t<div class=\"advance-search-field  dr-search-field\">\n\t\t\t\t<select class=\"js-select2\" multiple=\"multiple\"  name='simple_factor'>\n\t\t\t<option data-title=\"10 ingredients or less\" value=\"10-ingredients-or-less\" id=\"10-ingredients-or-less\" name='simple_factor'>\n\t\t\t10 ingredients or less\t\t\t\t\t<span class='count'>(4)<\/span>\n\t\t\t\t\t\t<\/option>\n\t\t\t<option data-title=\"15 minutes or less\" value=\"15-minutes-or-less\" id=\"15-minutes-or-less\" name='simple_factor'>\n\t\t\t15 minutes or less\t\t\t\t\t<span class='count'>(1)<\/span>\n\t\t\t\t\t\t<\/option>\n\t\t\t<option data-title=\"30 minutes or less\" value=\"30-minutes-or-less\" id=\"30-minutes-or-less\" name='simple_factor'>\n\t\t\t30 minutes or less\t\t\t\t\t<span class='count'>(1)<\/span>\n\t\t\t\t\t\t<\/option>\n\t\t\t<option data-title=\"7 ingredients or less\" value=\"7-ingredients-or-less\" id=\"7-ingredients-or-less\" name='simple_factor'>\n\t\t\t7 ingredients or less\t\t\t\t\t<span class='count'>(3)<\/span>\n\t\t\t\t\t\t<\/option>\n\t<\/select>\n\t\t\t<\/div>\n\t\t<\/div>\n\t\t\t<div class=\"advance-search-block\">\n\t\t\t<label class=\"advance-search-title\">Tri<\/label>\n\t\t\t<div class=\"advance-search-field  dr-search-field\">\n\t\t\t\t<select class=\"js-select2\"  name='sorting'>\n\t\t\t<option value=\"\" id=\"sorting\" name='sorting'>\n\t\t\tSorting\t\t<\/option>\n\t\t\t<option value=\"title_asc\" id=\"title-a-z\" name='sorting'>\n\t\t\tTitle (A-Z)\t\t<\/option>\n\t\t\t<option value=\"title_desc\" id=\"title-z-a\" name='sorting'>\n\t\t\tTitle (Z-A)\t\t<\/option>\n\t\t\t<option value=\"date_desc\" id=\"date-newest\" name='sorting'>\n\t\t\tDate (Newest)\t\t<\/option>\n\t\t\t<option value=\"date_asc\" id=\"date-oldest\" name='sorting'>\n\t\t\tDate (Oldest)\t\t<\/option>\n\t<\/select>\n\t\t\t<\/div>\n\t\t<\/div>\n\t\t\t<div class=\"advance-search-block\">\n\t\t\t<label class=\"advance-search-title\">Th\u00e9matiques de recette<\/label>\n\t\t\t<div class=\"advance-search-field  dr-search-field\">\n\t\t\t\t<select class=\"js-select2\" multiple=\"multiple\"  name='recipe_keys'> \n    <\/select>\n\t\t\t<\/div>\n\t\t<\/div>\n\t\t\t<div class=\"advance-search-block\">\n\t\t\t<label class=\"advance-search-title\">Mots-cl\u00e9s de la recette<\/label>\n\t\t\t<div class=\"advance-search-field  dr-search-field\">\n\t\t\t\t<select class=\"js-select2\" multiple=\"multiple\"  name='recipe_tags'> \n    <\/select>\n\t\t\t<\/div>\n\t\t<\/div>\n\t\t\t<div class=\"advance-search-block\">\n\t\t\t<label class=\"advance-search-title\">badges de recettes<\/label>\n\t\t\t<div class=\"advance-search-field  dr-search-field\">\n\t\t\t\t<select class=\"js-select2\" multiple=\"multiple\"  name='recipe_badges'> \n    <\/select>\n\t\t\t<\/div>\n\t\t<\/div>\n\t\t\t<div class=\"advance-search-block\">\n\t\t\t<label class=\"advance-search-title\">Recipe Dietary<\/label>\n\t\t\t<div class=\"advance-search-field  dr-search-field\">\n\t\t\t\t<select class=\"js-select2\" multiple=\"multiple\"  name='recipe_dietary'> \n    <\/select>\n\t\t\t<\/div>\n\t\t<\/div>\n\t\t\t<div class=\"advance-search-block\">\n\t\t\t<label class=\"advance-search-title\">R\u00e9initialiser<\/label>\n\t\t\t<div class=\"advance-search-field  dr-search-field\">\n\t\t\t\t    <a class=\"reset-link\" id=\"dr-recipes-clear-filters\" href=\"#\">Clear All<\/a>\n\t\t\t<\/div>\n\t\t<\/div>\n\t\t<input type=\"hidden\" name=\"dr-search-nonce\" id=\"dr-search-nonce\" value=\"d719da514c\">\n\n\t<\/div>\n<\/div>\n\t\t<\/div><!-- .dr-advance-search -->\n\t<div class=\"container\">\n\t\t\t\t\t<div class=\"dr-search-item-wrap dr-archive-list-gridwrap grid\" itemscope itemtype=\"http:\/\/schema.org\/ItemList\">\n\t\t\t\t<div class=\"dr-archive-single\" itemprop=\"itemListElement\" itemscope itemtype=\"http:\/\/schema.org\/ListItem\">\n\t<figure class=\"wpdr-feat-thumb\">\n\t\t<a href=\"https:\/\/wellness-nutrition-business.com\/es\/recettes\/truffes-vegan-au-fromage-et-noix\/\">\n\t\t\t<img decoding=\"async\" width=\"450\" height=\"600\" data-src=\"https:\/\/wellness-nutrition-business.com\/wp-content\/uploads\/2025\/12\/Truffes-fromage-et-noix-photo-450x600.png\" class=\"attachment-wpdr-feat-thumb size-wpdr-feat-thumb wp-post-image lazyload\" alt=\"Truffes Noix et fromage\" src=\"data:image\/svg+xml;base64,PHN2ZyB3aWR0aD0iMSIgaGVpZ2h0PSIxIiB4bWxucz0iaHR0cDovL3d3dy53My5vcmcvMjAwMC9zdmciPjwvc3ZnPg==\" style=\"--smush-placeholder-width: 450px; --smush-placeholder-aspect-ratio: 450\/600;\" \/>\t\t<\/a>\n\t\t\n\t\t\n\t\t\n\t\t\t<\/figure>\n\t<div class=\"dr-archive-details\">\n\t\t<h2 class=\"dr-archive-list-title\" itemprop=\"name\">\t\t\t<a itemprop=\"url\" href=\"https:\/\/wellness-nutrition-business.com\/es\/recettes\/truffes-vegan-au-fromage-et-noix\/\">\n\t\t\t\tTruffes vegan au fromage et noix\t\t\t<\/a>\n\t\t<\/h2>\n\t\t\t\t\t<meta itemprop=\"position\" content=\"1\"\/>\n\t\t\n\t\t<div class=\"dr-entry-meta\">\n\t\t\t\t\t<span class=\"dr-time\">\n\t\t\t\t<svg class=\"icon\">\n\t\t\t\t\t<use xlink:href=\"https:\/\/wellness-nutrition-business.com\/wp-content\/plugins\/delicious-recipes\/assets\/images\/sprite.svg#time\"><\/use>\n\t\t\t\t<\/svg>\n\t\t\t\t<span class=\"dr-meta-title\">50 mins<\/span>\n\t\t\t<\/span>\n\t\t\t\t    \n\t\t\t<span class=\"dr-level\">\n\t\t\t\t<svg class=\"icon\">\n\t\t\t\t\t<use xlink:href=\"https:\/\/wellness-nutrition-business.com\/wp-content\/plugins\/delicious-recipes\/assets\/images\/sprite.svg#difficulty\"><\/use>\n\t\t\t\t<\/svg>\n\t\t\t\t<span class=\"dr-meta-title\">Beginner<\/span>\n\t\t\t<\/span>\n\t\t\t\t<\/div>\n\t<\/div>\n<\/div>\n<div class=\"dr-archive-single\" itemprop=\"itemListElement\" itemscope itemtype=\"http:\/\/schema.org\/ListItem\">\n\t<figure class=\"wpdr-feat-thumb\">\n\t\t<a href=\"https:\/\/wellness-nutrition-business.com\/es\/recettes\/boisson-epicee\/\">\n\t\t\t<img decoding=\"async\" width=\"450\" height=\"594\" data-src=\"https:\/\/wellness-nutrition-business.com\/wp-content\/uploads\/2025\/12\/Capture-decran-2025-12-23-a-18.08.38-450x594.png\" class=\"attachment-wpdr-feat-thumb size-wpdr-feat-thumb wp-post-image lazyload\" alt=\"Boisson \u00e9pic\u00e9e\" src=\"data:image\/svg+xml;base64,PHN2ZyB3aWR0aD0iMSIgaGVpZ2h0PSIxIiB4bWxucz0iaHR0cDovL3d3dy53My5vcmcvMjAwMC9zdmciPjwvc3ZnPg==\" style=\"--smush-placeholder-width: 450px; --smush-placeholder-aspect-ratio: 450\/594;\" \/>\t\t<\/a>\n\t\t\n\t\t\n\t\t\n\t\t\t<\/figure>\n\t<div class=\"dr-archive-details\">\n\t\t<h2 class=\"dr-archive-list-title\" itemprop=\"name\">\t\t\t<a itemprop=\"url\" href=\"https:\/\/wellness-nutrition-business.com\/es\/recettes\/boisson-epicee\/\">\n\t\t\t\tBoisson \u00e9pic\u00e9e\t\t\t<\/a>\n\t\t<\/h2>\n\t\t\t\t\t<meta itemprop=\"position\" content=\"2\"\/>\n\t\t\n\t\t<div class=\"dr-entry-meta\">\n\t\t\t\t\t<span class=\"dr-time\">\n\t\t\t\t<svg class=\"icon\">\n\t\t\t\t\t<use xlink:href=\"https:\/\/wellness-nutrition-business.com\/wp-content\/plugins\/delicious-recipes\/assets\/images\/sprite.svg#time\"><\/use>\n\t\t\t\t<\/svg>\n\t\t\t\t<span class=\"dr-meta-title\">15 mins<\/span>\n\t\t\t<\/span>\n\t\t\t\t    \n\t\t\t<span class=\"dr-level\">\n\t\t\t\t<svg class=\"icon\">\n\t\t\t\t\t<use xlink:href=\"https:\/\/wellness-nutrition-business.com\/wp-content\/plugins\/delicious-recipes\/assets\/images\/sprite.svg#difficulty\"><\/use>\n\t\t\t\t<\/svg>\n\t\t\t\t<span class=\"dr-meta-title\">Beginner<\/span>\n\t\t\t<\/span>\n\t\t\t\t<\/div>\n\t<\/div>\n<\/div>\n<div class=\"dr-archive-single\" itemprop=\"itemListElement\" itemscope itemtype=\"http:\/\/schema.org\/ListItem\">\n\t<figure class=\"wpdr-feat-thumb\">\n\t\t<a href=\"https:\/\/wellness-nutrition-business.com\/es\/recettes\/the-best-instant-pot-french-toast-recipe-vegan-gluten-free\/\">\n\t\t\t<img decoding=\"async\" width=\"450\" height=\"600\" data-src=\"https:\/\/wellness-nutrition-business.com\/wp-content\/uploads\/2025\/03\/dummy-recipe-img-450x600.jpg\" class=\"attachment-wpdr-feat-thumb size-wpdr-feat-thumb wp-post-image lazyload\" alt=\"\" src=\"data:image\/svg+xml;base64,PHN2ZyB3aWR0aD0iMSIgaGVpZ2h0PSIxIiB4bWxucz0iaHR0cDovL3d3dy53My5vcmcvMjAwMC9zdmciPjwvc3ZnPg==\" style=\"--smush-placeholder-width: 450px; --smush-placeholder-aspect-ratio: 450\/600;\" \/>\t\t<\/a>\n\t\t\n\t\t\n\t\t\n\t\t\t<\/figure>\n\t<div class=\"dr-archive-details\">\n\t\t<h2 class=\"dr-archive-list-title\" itemprop=\"name\">\t\t\t<a itemprop=\"url\" href=\"https:\/\/wellness-nutrition-business.com\/es\/recettes\/the-best-instant-pot-french-toast-recipe-vegan-gluten-free\/\">\n\t\t\t\tThe Best Instant Pot French Toast recipe (vegan &amp; Gluten Free!)\t\t\t<\/a>\n\t\t<\/h2>\n\t\t\t\t\t<meta itemprop=\"position\" content=\"3\"\/>\n\t\t\n\t\t<div class=\"dr-entry-meta\">\n\t\t\t\t\t<span class=\"dr-time\">\n\t\t\t\t<svg class=\"icon\">\n\t\t\t\t\t<use xlink:href=\"https:\/\/wellness-nutrition-business.com\/wp-content\/plugins\/delicious-recipes\/assets\/images\/sprite.svg#time\"><\/use>\n\t\t\t\t<\/svg>\n\t\t\t\t<span class=\"dr-meta-title\">45 mins<\/span>\n\t\t\t<\/span>\n\t\t\t\t    \n\t\t\t<span class=\"dr-level\">\n\t\t\t\t<svg class=\"icon\">\n\t\t\t\t\t<use xlink:href=\"https:\/\/wellness-nutrition-business.com\/wp-content\/plugins\/delicious-recipes\/assets\/images\/sprite.svg#difficulty\"><\/use>\n\t\t\t\t<\/svg>\n\t\t\t\t<span class=\"dr-meta-title\">Beginner<\/span>\n\t\t\t<\/span>\n\t\t\t\t<\/div>\n\t<\/div>\n<\/div>\n<div class=\"dr-archive-single\" itemprop=\"itemListElement\" itemscope itemtype=\"http:\/\/schema.org\/ListItem\">\n\t<figure class=\"wpdr-feat-thumb\">\n\t\t<a href=\"https:\/\/wellness-nutrition-business.com\/es\/recettes\/cheesecake-arc-en-ciel\/\">\n\t\t\t<img decoding=\"async\" width=\"450\" height=\"600\" data-src=\"https:\/\/wellness-nutrition-business.com\/wp-content\/uploads\/2025\/03\/Cheesecake-Summer-CookBook-Recipes-InstaStories-1080x1920px_FR_02-450x600.jpg\" class=\"attachment-wpdr-feat-thumb size-wpdr-feat-thumb wp-post-image lazyload\" alt=\"\" src=\"data:image\/svg+xml;base64,PHN2ZyB3aWR0aD0iMSIgaGVpZ2h0PSIxIiB4bWxucz0iaHR0cDovL3d3dy53My5vcmcvMjAwMC9zdmciPjwvc3ZnPg==\" style=\"--smush-placeholder-width: 450px; --smush-placeholder-aspect-ratio: 450\/600;\" \/>\t\t<\/a>\n\t\t\n\t\t\n\t\t\n\t\t\t<\/figure>\n\t<div class=\"dr-archive-details\">\n\t\t<h2 class=\"dr-archive-list-title\" itemprop=\"name\">\t\t\t<a itemprop=\"url\" href=\"https:\/\/wellness-nutrition-business.com\/es\/recettes\/cheesecake-arc-en-ciel\/\">\n\t\t\t\tCheesecake Arc-en-ciel\t\t\t<\/a>\n\t\t<\/h2>\n\t\t\t\t\t<meta itemprop=\"position\" content=\"4\"\/>\n\t\t\n\t\t<div class=\"dr-entry-meta\">\n\t\t\t\t\t<span class=\"dr-time\">\n\t\t\t\t<svg class=\"icon\">\n\t\t\t\t\t<use xlink:href=\"https:\/\/wellness-nutrition-business.com\/wp-content\/plugins\/delicious-recipes\/assets\/images\/sprite.svg#time\"><\/use>\n\t\t\t\t<\/svg>\n\t\t\t\t<span class=\"dr-meta-title\">1 hr<\/span>\n\t\t\t<\/span>\n\t\t\t\t    \n\t\t\t<span class=\"dr-level\">\n\t\t\t\t<svg class=\"icon\">\n\t\t\t\t\t<use xlink:href=\"https:\/\/wellness-nutrition-business.com\/wp-content\/plugins\/delicious-recipes\/assets\/images\/sprite.svg#difficulty\"><\/use>\n\t\t\t\t<\/svg>\n\t\t\t\t<span class=\"dr-meta-title\">Beginner<\/span>\n\t\t\t<\/span>\n\t\t\t\t<\/div>\n\t<\/div>\n<\/div>\n\t\t\t<\/div>\n\t\t\t\t<\/div>\n<script type=\"text\/html\" id=\"tmpl-search-block-tmp\">\n\t<# if ( data.length> 0 ) { #>\n\t\t<# _.each( data, function( val ) { #>\n\t\t<div class=\"dr-archive-single\">\n\t\t\t<figure class=\"wpdr-feat-thumb\">\n\t\t\t\t<a href=\"{{val.permalink}}\">\n\t\t\t\t\t<# if ( val.thumbnail ) { #>\n\t\t\t\t\t\t{{{val.thumbnail}}}\n\t\t\t\t\t<# } else { #>\n\t\t\t\t\t\t\t\t<svg class=\"dr-fallback-svg\" width=\"450\" height=\"600\" viewBox=\"0 0 450 600\" preserveAspectRatio=\"none\">\n\t\t\t<rect width=\"450\" height=\"600\" style=\"fill:#2db68d; opacity:0.1;\"><\/rect>\n\t\t<\/svg>\n\t\t\t\t\t\t\t<# } #>\n\t\t\t\t<\/a>\n\t\t\t\t<# if ( val.thumbnail.length > 0 && val.enable_pinit ) { #>\n\t\t\t\t\t<span class=\"post-pinit-button\">\n\t\t\t\t\t\t<a data-pin-do=\"buttonPin\" href=\"https:\/\/www.pinterest.com\/pin\/create\/button\/?url={{val.permalink}}\/&media={{val.thumbnail_url}}&description=So%20delicious!\" data-pin-custom=\"true\">\n\t\t\t\t\t\t\t<img decoding=\"async\" src=\"https:\/\/wellness-nutrition-business.com\/wp-content\/plugins\/delicious-recipes\/assets\/images\/pinit-sm.png\" alt=\"pinit\">\n\t\t\t\t\t\t<\/a>\n\t\t\t\t\t<\/span>\n\t\t\t\t<# } #>\n\t\t\t\t<# if ( val.badges ) { #>\n\t\t\t\t\t<span class=\"dr-badge\">\n\t\t\t\t\t<a href=\"{{val.badges.link}}\" title=\"{{val.badges.badge}}\" style=\"background-color:{{val.badges.color}}\">\n\t\t\t\t\t\t{{{val.badges.badge}}}\n\t\t\t\t\t<\/a>\n\t\t\t\t<\/span>\n\t\t\t\t<# } #>\n\t\t\t\t<# if ( val.recipe_keys.length> 0 ) { #>\n\t\t\t\t\t<span class=\"dr-category\">\n\t\t\t\t\t\t<# _.each( val.recipe_keys, function( recipe_key ) { #>\n\t\t\t\t\t\t\t<a href=\"{{recipe_key.link}}\" title=\"{{recipe_key.key}}\">\n\t\t\t\t\t\t\t\t{{{recipe_key.icon}}}\n\t\t\t\t\t\t\t\t<span class=\"cat-name\">{{recipe_key.key}}<\/span>\n\t\t\t\t\t\t\t<\/a>\n\t\t\t\t\t\t\t<# }); #>\n\t\t\t\t\t<\/span>\n\t\t\t\t<# } #>\n\t\t\t<\/figure>\n\t\t\t<div class=\"dr-archive-details\">\n\t\t\t\t<h2 class=\"dr-archive-list-title\">\n\t\t\t\t\t<a href=\"{{val.permalink}}\">\n\t\t\t\t\t\t{{{val.title}}}\n\t\t\t\t\t<\/a>\n\t\t\t\t<\/h2>\n\t\t\t\t<div class=\"dr-entry-meta\">\n\t\t\t\t\t<# if ( val.total_time ) { #>\n\t\t\t\t\t\t<span class=\"dr-time\">\n\t\t\t\t\t\t\t<svg class=\"icon\">\n\t\t\t\t\t\t\t\t<use xlink:href=\"https:\/\/wellness-nutrition-business.com\/wp-content\/plugins\/delicious-recipes\/assets\/images\/sprite.svg#time\"><\/use>\n\t\t\t\t\t\t\t<\/svg>\n\t\t\t\t\t\t\t<span class=\"dr-meta-title\">{{val.total_time}}<\/span>\n\t\t\t\t\t\t<\/span>\n\t\t\t\t\t<# } #>\n\t\t\t\t\t<# if ( val.difficulty_level ) { #>\n\t\t\t\t\t\t<span class=\"dr-level\">\n\t\t\t\t\t\t\t<svg class=\"icon\">\n\t\t\t\t\t\t\t\t<use xlink:href=\"https:\/\/wellness-nutrition-business.com\/wp-content\/plugins\/delicious-recipes\/assets\/images\/sprite.svg#difficulty\"><\/use>\n\t\t\t\t\t\t\t<\/svg>\n\t\t\t\t\t\t\t<span class=\"dr-meta-title\">{{val.difficulty_level}}<\/span>\n\t\t\t\t\t\t<\/span>\n\t\t\t\t\t<# } #>\n\t\t\t\t<\/div>\n\t\t\t<\/div>\n\t\t<\/div>\n\t\t<# }); #>\n\t<# } else { #>\n\t\t<span class=\"no-result\">\n\t\t\tRecipes not found.\t\t<\/span>\n\t<# } #>\n<\/script>\n[\/et_pb_text][\/et_pb_column][\/et_pb_row][\/et_pb_section]\n","protected":false},"excerpt":{"rendered":"","protected":false},"author":1,"featured_media":0,"parent":0,"menu_order":0,"comment_status":"closed","ping_status":"closed","template":"","meta":{"_acf_changed":false,"_et_pb_use_builder":"on","_et_pb_old_content":"[recipe_search]","_et_gb_content_width":"","_mbp_gutenberg_autopost":false,"two_page_speed":[],"footnotes":""},"class_list":["post-588","page","type-page","status-publish","hentry"],"acf":[],"_links":{"self":[{"href":"https:\/\/wellness-nutrition-business.com\/es\/wp-json\/wp\/v2\/pages\/588","targetHints":{"allow":["GET"]}}],"collection":[{"href":"https:\/\/wellness-nutrition-business.com\/es\/wp-json\/wp\/v2\/pages"}],"about":[{"href":"https:\/\/wellness-nutrition-business.com\/es\/wp-json\/wp\/v2\/types\/page"}],"author":[{"embeddable":true,"href":"https:\/\/wellness-nutrition-business.com\/es\/wp-json\/wp\/v2\/users\/1"}],"replies":[{"embeddable":true,"href":"https:\/\/wellness-nutrition-business.com\/es\/wp-json\/wp\/v2\/comments?post=588"}],"version-history":[{"count":1,"href":"https:\/\/wellness-nutrition-business.com\/es\/wp-json\/wp\/v2\/pages\/588\/revisions"}],"predecessor-version":[{"id":638,"href":"https:\/\/wellness-nutrition-business.com\/es\/wp-json\/wp\/v2\/pages\/588\/revisions\/638"}],"wp:attachment":[{"href":"https:\/\/wellness-nutrition-business.com\/es\/wp-json\/wp\/v2\/media?parent=588"}],"curies":[{"name":"wp","href":"https:\/\/api.w.org\/{rel}","templated":true}]}}