{"id":149,"date":"2024-12-20T17:20:29","date_gmt":"2024-12-20T16:20:29","guid":{"rendered":"https:\/\/wellness-nutrition-business.com\/index.php\/conditions-generales\/"},"modified":"2024-12-20T17:20:29","modified_gmt":"2024-12-20T16:20:29","slug":"conditions-generales","status":"publish","type":"page","link":"https:\/\/wellness-nutrition-business.com\/hu\/conditions-generales\/","title":{"rendered":"\u00c1ltal\u00e1nos szerz\u0151d\u00e9si felt\u00e9telek"},"content":{"rendered":"<!-- This legal document was generated by Complianz Terms &amp; Conditions https:\/\/wordpress.org\/plugins\/complianz-terms-conditions -->\n<div id=\"cmplz-document\" class=\"cmplz-document cmplz-terms-conditions\"><p><i>The Terms and Conditions were last updated on 20 december 2024<\/i><\/p><h2>1. Bevezet\u00e9s<\/h2><p>A jelen \u00c1ltal\u00e1nos Szerz\u0151d\u00e9si Felt\u00e9telek a jelen weboldalra, valamint a term\u00e9keinkkel \u00e9s szolg\u00e1ltat\u00e1sainkkal kapcsolatos tranzakci\u00f3kra vonatkoznak. \u00d6nt tov\u00e1bbi szerz\u0151d\u00e9sek k\u00f6thetik a vel\u00fcnk val\u00f3 kapcsolat\u00e1hoz, illetve a t\u0151l\u00fcnk kapott term\u00e9kekhez vagy szolg\u00e1ltat\u00e1sokhoz kapcsol\u00f3d\u00f3an. Ha a kieg\u00e9sz\u00edt\u0151 szerz\u0151d\u00e9sek b\u00e1rmely rendelkez\u00e9se ellent\u00e9tes a jelen Felt\u00e9telek b\u00e1rmely rendelkez\u00e9s\u00e9vel, akkor a kieg\u00e9sz\u00edt\u0151 szerz\u0151d\u00e9sek rendelkez\u00e9sei ir\u00e1nyad\u00f3k \u00e9s \u00e9rv\u00e9nyesek.<\/p><h2>2. K\u00f6telez\u0151<\/h2><p>A weboldalon val\u00f3 regisztr\u00e1ci\u00f3val, a weboldalhoz val\u00f3 hozz\u00e1f\u00e9r\u00e9ssel vagy annak egy\u00e9b m\u00f3don t\u00f6rt\u00e9n\u0151 haszn\u00e1lat\u00e1val \u00d6n elfogadja, hogy az al\u00e1bbiakban meghat\u00e1rozott felt\u00e9telek \u00e9s kik\u00f6t\u00e9sek k\u00f6telez\u0151 \u00e9rv\u00e9ny\u0171ek. A weboldal puszta haszn\u00e1lata felt\u00e9telezi ezen \u00c1ltal\u00e1nos Szerz\u0151d\u00e9si Felt\u00e9telek megismer\u00e9s\u00e9t \u00e9s elfogad\u00e1s\u00e1t. Egyes k\u00fcl\u00f6nleges esetekben arra is k\u00e9rhetj\u00fck, hogy kifejezetten beleegyezzen.<\/p><h2>3. Elektronikus kommunik\u00e1ci\u00f3<\/h2><p>A weboldal haszn\u00e1lat\u00e1val vagy a vel\u00fcnk elektronikus \u00faton t\u00f6rt\u00e9n\u0151 kommunik\u00e1ci\u00f3val \u00d6n elfogadja \u00e9s tudom\u00e1sul veszi, hogy elektronikus \u00faton kommunik\u00e1lhatunk \u00d6nnel a weboldalunkon vagy e-mail k\u00fcld\u00e9s\u00e9vel, \u00e9s \u00d6n elfogadja, hogy minden meg\u00e1llapod\u00e1s, \u00e9rtes\u00edt\u00e9s, k\u00f6zl\u00e9s \u00e9s egy\u00e9b kommunik\u00e1ci\u00f3, amelyet elektronikus \u00faton ny\u00fajtunk \u00d6nnek, megfelel minden jogi k\u00f6vetelm\u00e9nynek, bele\u00e9rtve, de nem kiz\u00e1r\u00f3lagosan azt a k\u00f6vetelm\u00e9nyt, hogy az ilyen kommunik\u00e1ci\u00f3nak \u00edr\u00e1sban kell t\u00f6rt\u00e9nnie.<\/p><h2>4. Szellemi tulajdon<\/h2><p>Mi vagy licencad\u00f3ink birtokoljuk \u00e9s ellen\u0151rz\u00fcnk minden szerz\u0151i jogot \u00e9s egy\u00e9b szellemi tulajdonjogot a weboldalon, valamint a weboldalon megjelen\u00edtett vagy azon bel\u00fcl el\u00e9rhet\u0151 adatokon, inform\u00e1ci\u00f3kon \u00e9s egy\u00e9b er\u0151forr\u00e1sokon.<\/p><p class=\"cmplz-subtitle\">4.1 Minden jog fenntartva<\/p><p>Hacsak a konkr\u00e9t tartalom m\u00e1sk\u00e9nt nem rendelkezik, \u00d6n nem kap enged\u00e9lyt vagy b\u00e1rmilyen m\u00e1s jogot a szerz\u0151i jog, v\u00e9djegy, szabadalom vagy egy\u00e9b szellemi tulajdonjogok alapj\u00e1n. Ez azt jelenti, hogy \u00d6n nem haszn\u00e1lhatja, m\u00e1solhatja, reproduk\u00e1lhatja, el\u0151adhatja, megjelen\u00edtheti, terjesztheti, elektronikus adathordoz\u00f3ba \u00e1gyazhatja, m\u00f3dos\u00edthatja, visszafejtheti, dekompil\u00e1lhatja, \u00e1truh\u00e1zhatja, let\u00f6ltheti, tov\u00e1bb\u00edthatja, p\u00e9nzz\u00e9 teheti, eladhatja, forgalmazhatja vagy kereskedelmi forgalomba hozhatja a weboldalon tal\u00e1lhat\u00f3 b\u00e1rmely er\u0151forr\u00e1st semmilyen form\u00e1ban, a mi el\u0151zetes \u00edr\u00e1sbeli enged\u00e9ly\u00fcnk n\u00e9lk\u00fcl, kiv\u00e9ve \u00e9s csak annyiban, amennyiben a k\u00f6telez\u0151 jogszab\u00e1lyok m\u00e1sk\u00e9nt rendelkeznek (p\u00e9ld\u00e1ul az id\u00e9z\u00e9si jog).<\/p><h2>5. H\u00edrlev\u00e9l<\/h2><p>A fentiek ellen\u00e9re \u00d6n tov\u00e1bb\u00edthatja h\u00edrlevel\u00fcnket elektronikus form\u00e1ban m\u00e1soknak, akiket \u00e9rdekelhet a weboldalunk l\u00e1togat\u00e1sa.<\/p><h2>6. Harmadik f\u00e9l tulajdona<\/h2><p>Weboldalunk tartalmazhat hiperlinkeket vagy m\u00e1s hivatkoz\u00e1sokat m\u00e1s felek weboldalaira. Nem ellen\u0151rizz\u00fck \u00e9s nem vizsg\u00e1ljuk fel\u00fcl m\u00e1s felek weboldalainak tartalm\u00e1t, amelyekre a jelen weboldalr\u00f3l linkek vezetnek. A m\u00e1s weboldalak \u00e1ltal k\u00edn\u00e1lt term\u00e9kekre vagy szolg\u00e1ltat\u00e1sokra az adott harmadik felek vonatkoz\u00f3 \u00c1ltal\u00e1nos Szerz\u0151d\u00e9si Felt\u00e9telei vonatkoznak. Az ezeken a weboldalakon kifejtett v\u00e9lem\u00e9nyeket vagy megjelen\u0151 anyagokat nem felt\u00e9tlen\u00fcl osztjuk vagy t\u00e1mogatjuk.<\/p><p>Nem v\u00e1llalunk felel\u0151ss\u00e9get ezen oldalak adatv\u00e9delmi gyakorlat\u00e1\u00e9rt vagy tartalm\u00e1\u00e9rt. \u00d6n viseli az ezen weboldalak \u00e9s a kapcsol\u00f3d\u00f3 harmadik f\u00e9lt\u0151l sz\u00e1rmaz\u00f3 szolg\u00e1ltat\u00e1sok haszn\u00e1lat\u00e1val kapcsolatos \u00f6sszes kock\u00e1zatot. Nem v\u00e1llalunk felel\u0151ss\u00e9get semmilyen vesztes\u00e9g\u00e9rt vagy k\u00e1r\u00e9rt, b\u00e1rmilyen m\u00f3don, b\u00e1rmilyen okb\u00f3l, ami abb\u00f3l ered, hogy \u00d6n szem\u00e9lyes adatait harmadik f\u00e9lnek adja \u00e1t.<\/p><h2>7. Felel\u0151s haszn\u00e1lat<\/h2><p>A weboldalunk megl\u00e1togat\u00e1s\u00e1val \u00d6n beleegyezik, hogy azt kiz\u00e1r\u00f3lag a jelen Felt\u00e9telek, a vel\u00fcnk k\u00f6t\u00f6tt tov\u00e1bbi szerz\u0151d\u00e9sek, valamint az alkalmazand\u00f3 t\u00f6rv\u00e9nyek, rendeletek \u00e9s az \u00e1ltal\u00e1nosan elfogadott online gyakorlatok \u00e9s ipar\u00e1gi ir\u00e1nyelvek \u00e1ltal megengedett c\u00e9lokra haszn\u00e1lja. \u00d6n nem haszn\u00e1lhatja weboldalunkat vagy szolg\u00e1ltat\u00e1sainkat olyan anyagok haszn\u00e1lat\u00e1ra, k\u00f6zz\u00e9t\u00e9tel\u00e9re vagy terjeszt\u00e9s\u00e9re, amelyek rosszindulat\u00fa sz\u00e1m\u00edt\u00f3g\u00e9pes szoftverekb\u0151l \u00e1llnak (vagy azokhoz kapcsol\u00f3dnak); nem haszn\u00e1lhatja a weboldalunkon gy\u0171jt\u00f6tt adatokat b\u00e1rmilyen direkt marketingtev\u00e9kenys\u00e9gre, \u00e9s nem v\u00e9gezhet semmilyen szisztematikus vagy automatiz\u00e1lt adatgy\u0171jt\u00e9si tev\u00e9kenys\u00e9get weboldalunkon vagy azzal kapcsolatban.<\/p><p>Szigor\u00faan tilos b\u00e1rmilyen olyan tev\u00e9kenys\u00e9get folytatni, amely k\u00e1rt okoz vagy okozhat a weboldalon, vagy amely zavarja a weboldal teljes\u00edtm\u00e9ny\u00e9t, el\u00e9rhet\u0151s\u00e9g\u00e9t vagy hozz\u00e1f\u00e9rhet\u0151s\u00e9g\u00e9t.<\/p><p>Visszatarthatjuk a visszat\u00e9r\u00edt\u00e9st mindaddig, am\u00edg vissza nem kapjuk az \u00e1rut, vagy am\u00edg \u00d6n nem szolg\u00e1ltat bizony\u00edt\u00e9kot az \u00e1ru visszak\u00fcld\u00e9s\u00e9r\u0151l, att\u00f3l f\u00fcgg\u0151en, hogy melyik a kor\u00e1bbi id\u0151pont.<\/p><h2>8. Az \u00d6n \u00e1ltal k\u00f6zz\u00e9tett tartalom<\/h2><p>K\u00fcl\u00f6nb\u00f6z\u0151 ny\u00edlt kommunik\u00e1ci\u00f3s eszk\u00f6z\u00f6ket biztos\u00edthatunk weboldalunkon, p\u00e9ld\u00e1ul blogkomment\u00e1rokat, blogbejegyz\u00e9seket, f\u00f3rumokat, \u00fczen\u0151falakat, \u00e9rt\u00e9kel\u00e9seket \u00e9s v\u00e9lem\u00e9nyeket, valamint k\u00fcl\u00f6nb\u00f6z\u0151 k\u00f6z\u00f6ss\u00e9gi m\u00e9diaszolg\u00e1ltat\u00e1sokat. El\u0151fordulhat, hogy nem \u00e1ll m\u00f3dunkban minden olyan tartalmat \u00e1tvizsg\u00e1lni vagy ellen\u0151rizni, amelyet \u00d6n vagy m\u00e1sok megosztanak vagy bek\u00fcldenek a weboldalunkon vagy azon kereszt\u00fcl. Fenntartjuk azonban a jogot, hogy fel\u00fclvizsg\u00e1ljuk a tartalmat, \u00e9s figyelemmel k\u00eds\u00e9rj\u00fck a weboldalunk minden haszn\u00e1lat\u00e1t \u00e9s tev\u00e9kenys\u00e9g\u00e9t, \u00e9s saj\u00e1t bel\u00e1t\u00e1sunk szerint elt\u00e1vol\u00edtsunk vagy elutas\u00edtsunk b\u00e1rmilyen tartalmat. Azzal, hogy inform\u00e1ci\u00f3t tesz k\u00f6zz\u00e9, vagy m\u00e1s m\u00f3don haszn\u00e1lja az eml\u00edtett ny\u00edlt kommunik\u00e1ci\u00f3s eszk\u00f6z\u00f6ket, \u00d6n elfogadja, hogy tartalma megfelel a jelen \u00c1ltal\u00e1nos Szerz\u0151d\u00e9si Felt\u00e9teleknek, \u00e9s nem lehet illeg\u00e1lis vagy t\u00f6rv\u00e9nytelen, illetve nem s\u00e9rtheti senki t\u00f6rv\u00e9nyes jogait.<\/p><h2>9. \u00d6tlet beny\u00fajt\u00e1sa<\/h2><p>Ne k\u00fcldj\u00f6n be olyan \u00f6tleteket, tal\u00e1lm\u00e1nyokat, szerz\u0151i m\u0171veket vagy m\u00e1s, saj\u00e1t szellemi tulajdon\u00e1nak tekinthet\u0151 inform\u00e1ci\u00f3kat, amelyeket be szeretne mutatni nek\u00fcnk, kiv\u00e9ve, ha el\u0151zetesen al\u00e1\u00edrtunk egy, a szellemi tulajdonra vonatkoz\u00f3 meg\u00e1llapod\u00e1st vagy egy titoktart\u00e1si meg\u00e1llapod\u00e1st. Ha ilyen \u00edr\u00e1sbeli meg\u00e1llapod\u00e1s hi\u00e1ny\u00e1ban k\u00f6zli vel\u00fcnk, akkor \u00d6n egy vil\u00e1gm\u00e9ret\u0171, visszavonhatatlan, nem kiz\u00e1r\u00f3lagos, jogd\u00edjmentes enged\u00e9lyt ad nek\u00fcnk a tartalma felhaszn\u00e1l\u00e1s\u00e1ra, sokszoros\u00edt\u00e1s\u00e1ra, t\u00e1rol\u00e1s\u00e1ra, adapt\u00e1l\u00e1s\u00e1ra, k\u00f6zz\u00e9t\u00e9tel\u00e9re, leford\u00edt\u00e1s\u00e1ra \u00e9s terjeszt\u00e9s\u00e9re b\u00e1rmely megl\u00e9v\u0151 vagy j\u00f6v\u0151beli m\u00e9di\u00e1ban.<\/p><h2>10. A haszn\u00e1lat megsz\u00fcntet\u00e9se<\/h2><p>Saj\u00e1t bel\u00e1t\u00e1sunk szerint b\u00e1rmikor m\u00f3dos\u00edthatjuk vagy megsz\u00fcntethetj\u00fck a weboldalhoz vagy az azon tal\u00e1lhat\u00f3 b\u00e1rmely szolg\u00e1ltat\u00e1shoz val\u00f3 hozz\u00e1f\u00e9r\u00e9st, ideiglenesen vagy v\u00e9glegesen. \u00d6n elfogadja, hogy nem v\u00e1llalunk felel\u0151ss\u00e9get \u00d6nnel vagy harmadik f\u00e9llel szemben a weboldalhoz val\u00f3 hozz\u00e1f\u00e9r\u00e9s\u00e9nek vagy a weboldalon megosztott tartalmaknak a m\u00f3dos\u00edt\u00e1s\u00e1\u00e9rt, felf\u00fcggeszt\u00e9s\u00e9\u00e9rt vagy megsz\u00fcntet\u00e9s\u00e9\u00e9rt. \u00d6n nem jogosult semmilyen k\u00e1rt\u00e9r\u00edt\u00e9sre vagy egy\u00e9b kifizet\u00e9sre, m\u00e9g akkor sem, ha bizonyos funkci\u00f3k, be\u00e1ll\u00edt\u00e1sok \u00e9s\/vagy az \u00d6n \u00e1ltal biztos\u00edtott vagy az \u00d6n \u00e1ltal haszn\u00e1lt tartalom v\u00e9glegesen elveszik. \u00d6n nem ker\u00fclheti meg vagy ker\u00fclheti meg, illetve nem k\u00eds\u00e9relheti meg megker\u00fclni vagy megker\u00fclni a weboldalunkon tal\u00e1lhat\u00f3 hozz\u00e1f\u00e9r\u00e9s-korl\u00e1toz\u00f3 int\u00e9zked\u00e9seket.<\/p><h2>11. Szavatoss\u00e1g \u00e9s felel\u0151ss\u00e9g<\/h2><p>A jelen szakasz egyetlen rendelkez\u00e9se sem korl\u00e1tozza vagy z\u00e1rja ki a t\u00f6rv\u00e9ny \u00e1ltal felt\u00e9telezett garanci\u00e1t, amelynek korl\u00e1toz\u00e1sa vagy kiz\u00e1r\u00e1sa jogellenes lenne. Ez a weboldal \u00e9s a weboldalon tal\u00e1lhat\u00f3 \u00f6sszes tartalom a \"jelen \u00e1llapot\" \u00e9s a \"rendelkez\u00e9sre \u00e1ll\u00f3 \u00e1llapot\" alapj\u00e1n ker\u00fcl rendelkez\u00e9sre bocs\u00e1t\u00e1sra, \u00e9s pontatlans\u00e1gokat vagy tipogr\u00e1fiai hib\u00e1kat tartalmazhat. Kifejezetten kiz\u00e1runk mindenfajta, ak\u00e1r kifejezett, ak\u00e1r hallgat\u00f3lagos garanci\u00e1t a tartalom el\u00e9rhet\u0151s\u00e9g\u00e9re, pontoss\u00e1g\u00e1ra vagy teljess\u00e9g\u00e9re vonatkoz\u00f3an. Nem v\u00e1llalunk garanci\u00e1t arra, hogy:<\/p><p><ul>\n                    <li>ez a weboldal vagy a tartalmunk megfelel az \u00d6n ig\u00e9nyeinek;<\/li>\n                    <li>ez a weboldal megszak\u00edt\u00e1s n\u00e9lk\u00fcl, id\u0151ben, biztons\u00e1gosan \u00e9s hibamentesen lesz el\u00e9rhet\u0151.<\/li>\n        <\/ul><\/p><p>A weboldalon semmi sem min\u0151s\u00fcl, illetve nem min\u0151s\u00fcl jogi, p\u00e9nz\u00fcgyi vagy orvosi tan\u00e1csad\u00e1snak. Ha tan\u00e1csra van sz\u00fcks\u00e9ge, forduljon megfelel\u0151 szakemberhez.<\/p><p>A jelen szakasz al\u00e1bbi rendelkez\u00e9sei az alkalmazand\u00f3 jogszab\u00e1lyok \u00e1ltal megengedett legnagyobb m\u00e9rt\u00e9kben alkalmazand\u00f3k, \u00e9s nem korl\u00e1tozz\u00e1k vagy z\u00e1rj\u00e1k ki felel\u0151ss\u00e9g\u00fcnket olyan k\u00e9rd\u00e9sekkel kapcsolatban, amelyek eset\u00e9ben a felel\u0151ss\u00e9g\u00fcnk korl\u00e1toz\u00e1sa vagy kiz\u00e1r\u00e1sa t\u00f6rv\u00e9nytelen vagy jogellenes lenne sz\u00e1munkra. Semmilyen esetben sem vagyunk felel\u0151sek semmilyen k\u00f6zvetlen vagy k\u00f6zvetett k\u00e1r\u00e9rt (bele\u00e9rtve a nyeres\u00e9g vagy bev\u00e9tel elmarad\u00e1s\u00e1b\u00f3l, az adatok, szoftverek vagy adatb\u00e1zisok elveszt\u00e9s\u00e9b\u0151l vagy megrong\u00e1l\u00f3d\u00e1s\u00e1b\u00f3l, illetve a tulajdon vagy adatok elveszt\u00e9s\u00e9b\u0151l vagy k\u00e1rosod\u00e1s\u00e1b\u00f3l ered\u0151 k\u00e1rokat), amely \u00d6nn\u00e9l vagy b\u00e1rmely harmadik f\u00e9ln\u00e9l a weboldalunkhoz val\u00f3 hozz\u00e1f\u00e9r\u00e9s\u00e9b\u0151l vagy annak haszn\u00e1lat\u00e1b\u00f3l ered.<\/p><p>Hacsak valamely kieg\u00e9sz\u00edt\u0151 szerz\u0151d\u00e9s kifejezetten m\u00e1sk\u00e9nt nem rendelkezik, a maxim\u00e1lis felel\u0151ss\u00e9g\u00fcnk az \u00d6nnel szemben a weboldalb\u00f3l vagy a weboldalon kereszt\u00fcl forgalmazott vagy \u00e9rt\u00e9kes\u00edtett term\u00e9kekb\u0151l \u00e9s szolg\u00e1ltat\u00e1sokb\u00f3l ered\u0151 vagy azokkal kapcsolatos k\u00e1rok\u00e9rt, f\u00fcggetlen\u00fcl a felel\u0151ss\u00e9get meg\u00e1llap\u00edt\u00f3 jogi form\u00e1t\u00f3l (ak\u00e1r szerz\u0151d\u00e9s, m\u00e9lt\u00e1nyoss\u00e1g, gondatlans\u00e1g, sz\u00e1nd\u00e9kos magatart\u00e1s, k\u00e1rt\u00e9r\u00edt\u00e9s vagy egy\u00e9b), a teljes \u00e1rra korl\u00e1toz\u00f3dik, amelyet \u00d6n az ilyen term\u00e9kek vagy szolg\u00e1ltat\u00e1sok megv\u00e1s\u00e1rl\u00e1s\u00e1\u00e9rt vagy a weboldal haszn\u00e1lat\u00e1\u00e9rt fizetett nek\u00fcnk. Ez a korl\u00e1toz\u00e1s \u00f6sszess\u00e9g\u00e9ben vonatkozik az \u00d6n mindenfajta \u00e9s term\u00e9szet\u0171 k\u00f6vetel\u00e9s\u00e9re, kereset\u00e9re \u00e9s keresetind\u00edt\u00e1si ok\u00e1ra.<\/p><h2>12. Adatv\u00e9delem<\/h2><p>A weboldalunkhoz \u00e9s\/vagy szolg\u00e1ltat\u00e1sainkhoz val\u00f3 hozz\u00e1f\u00e9r\u00e9shez a regisztr\u00e1ci\u00f3s folyamat r\u00e9szek\u00e9nt bizonyos adatokat kell megadnia mag\u00e1r\u00f3l. \u00d6n v\u00e1llalja, hogy az \u00d6n \u00e1ltal megadott adatok mindig pontosak, helyesek \u00e9s naprak\u00e9szek.<\/p><p>Kifejlesztett\u00fcnk egy szab\u00e1lyzatot, amely az \u00d6n adatv\u00e9delmi agg\u00e1lyait hivatott kezelni. Tov\u00e1bbi inform\u00e1ci\u00f3\u00e9rt k\u00e9rj\u00fck, tekintse meg <a href=\"\">Adatv\u00e9delmi nyilatkozat<\/a> \u00e9s a mi <a href=\"\">Cookie szab\u00e1lyzat<\/a>.<\/p><h2>13. Hozz\u00e1f\u00e9rhet\u0151s\u00e9g<\/h2><p>Elk\u00f6telezettek vagyunk amellett, hogy az \u00e1ltalunk k\u00edn\u00e1lt tartalmakat hozz\u00e1f\u00e9rhet\u0151v\u00e9 tegy\u00fck a fogyat\u00e9kkal \u00e9l\u0151k sz\u00e1m\u00e1ra. Ha \u00d6n fogyat\u00e9koss\u00e1ggal \u00e9l, \u00e9s fogyat\u00e9koss\u00e1ga miatt nem tud hozz\u00e1f\u00e9rni weboldalunk b\u00e1rmely r\u00e9sz\u00e9hez, k\u00e9rj\u00fck, hogy jelezze nek\u00fcnk, \u00e9s r\u00e9szletesen \u00edrja le a felmer\u00fclt probl\u00e9m\u00e1t. Ha a probl\u00e9ma k\u00f6nnyen azonos\u00edthat\u00f3 \u00e9s az ipar\u00e1gi szabv\u00e1nyoknak megfelel\u0151 informatikai eszk\u00f6z\u00f6kkel \u00e9s technik\u00e1kkal megoldhat\u00f3, akkor azonnal megoldjuk azt.<\/p><h2>14. Exportkorl\u00e1toz\u00e1sok \/ Jogi megfelel\u00e9s<\/h2><p>Tilos a weboldalhoz val\u00f3 hozz\u00e1f\u00e9r\u00e9s olyan ter\u00fcletekr\u0151l vagy orsz\u00e1gokb\u00f3l, ahol a tartalom vagy a weboldalon \u00e9rt\u00e9kes\u00edtett term\u00e9kek vagy szolg\u00e1ltat\u00e1sok megv\u00e1s\u00e1rl\u00e1sa illeg\u00e1lis. Nem haszn\u00e1lhatja ezt a weboldalt a franciaorsz\u00e1gi exportt\u00f6rv\u00e9nyek \u00e9s -rendelkez\u00e9sek megs\u00e9rt\u00e9s\u00e9vel.<\/p><h2>15. Affiliate marketing<\/h2><p>Ezen a weboldalon kereszt\u00fcl r\u00e9szt vehet\u00fcnk affiliate marketing tev\u00e9kenys\u00e9gben, amelynek sor\u00e1n a weboldalon vagy ezen kereszt\u00fcl ny\u00fajtott szolg\u00e1ltat\u00e1sok vagy term\u00e9kek elad\u00e1s\u00e1b\u00f3l sz\u00e1zal\u00e9kos r\u00e9szesed\u00e9st vagy jutal\u00e9kot kapunk. Szponzor\u00e1ci\u00f3t vagy egy\u00e9b hirdet\u00e9si kompenz\u00e1ci\u00f3t is elfogadhatunk v\u00e1llalkoz\u00e1sokt\u00f3l. Ez a k\u00f6zz\u00e9t\u00e9tel c\u00e9lja, hogy megfeleljen a marketingre \u00e9s rekl\u00e1moz\u00e1sra vonatkoz\u00f3 jogi k\u00f6vetelm\u00e9nyeknek, mint p\u00e9ld\u00e1ul az Egyes\u00fclt \u00c1llamok Sz\u00f6vets\u00e9gi Kereskedelmi Bizotts\u00e1g\u00e1nak szab\u00e1lyai.<\/p><h2>16. Megb\u00edz\u00e1s<\/h2><p>\u00d6n nem ruh\u00e1zhatja \u00e1t, nem ruh\u00e1zhatja \u00e1t \u00e9s nem adhatja alv\u00e1llalkoz\u00f3i szerz\u0151d\u00e9sbe a jelen Felt\u00e9telek \u00e9s felt\u00e9telek szerinti jogait \u00e9s\/vagy k\u00f6telezetts\u00e9geit, sem r\u00e9szben, sem eg\u00e9szben, harmadik f\u00e9lnek el\u0151zetes \u00edr\u00e1sbeli hozz\u00e1j\u00e1rul\u00e1sunk n\u00e9lk\u00fcl. B\u00e1rmely, a jelen szakasz megs\u00e9rt\u00e9s\u00e9vel t\u00f6rt\u00e9n\u0151 \u00e1ll\u00edt\u00f3lagos engedm\u00e9nyez\u00e9s semmis \u00e9s \u00e9rv\u00e9nytelen.<\/p><h2>17. A jelen \u00c1ltal\u00e1nos Szerz\u0151d\u00e9si Felt\u00e9telek megszeg\u00e9se<\/h2><p>A jelen \u00c1ltal\u00e1nos Szerz\u0151d\u00e9si Felt\u00e9telek szerinti egy\u00e9b jogaink s\u00e9relme n\u00e9lk\u00fcl, amennyiben \u00d6n b\u00e1rmilyen m\u00f3don megs\u00e9rti a jelen \u00c1ltal\u00e1nos Szerz\u0151d\u00e9si Felt\u00e9teleket, a jogs\u00e9rt\u00e9s kezel\u00e9se \u00e9rdek\u00e9ben az \u00e1ltalunk megfelel\u0151nek \u00edt\u00e9lt int\u00e9zked\u00e9seket tehet\u00fcnk, bele\u00e9rtve a weboldalhoz val\u00f3 hozz\u00e1f\u00e9r\u00e9s\u00e9nek ideiglenes vagy v\u00e9gleges felf\u00fcggeszt\u00e9s\u00e9t, az internetszolg\u00e1ltat\u00f3j\u00e1val val\u00f3 kapcsolatfelv\u00e9telt, hogy k\u00e9rje a weboldalhoz val\u00f3 hozz\u00e1f\u00e9r\u00e9s\u00e9nek blokkol\u00e1s\u00e1t, \u00e9s\/vagy jogi l\u00e9p\u00e9seket kezdem\u00e9nyezhet\u00fcnk \u00d6n ellen.<\/p><h2>18. Kompenz\u00e1ci\u00f3<\/h2><p>\u00d6n v\u00e1llalja, hogy k\u00e1rtalan\u00edt, megv\u00e9d \u00e9s \u00e1rtalmatlan\u00edt minket minden olyan k\u00f6vetel\u00e9ssel, felel\u0151ss\u00e9ggel, k\u00e1rral, vesztes\u00e9ggel \u00e9s kiad\u00e1ssal szemben, amely a jelen Felt\u00e9telek \u00e9s felt\u00e9telek, valamint az alkalmazand\u00f3 t\u00f6rv\u00e9nyek, bele\u00e9rtve a szellemi tulajdonjogokat \u00e9s a mag\u00e1n\u00e9lethez f\u0171z\u0151d\u0151 jogokat is, megs\u00e9rt\u00e9s\u00e9vel kapcsolatos. \u00d6n halad\u00e9ktalanul megt\u00e9r\u00edti nek\u00fcnk az ilyen k\u00f6vetel\u00e9sekkel kapcsolatos vagy azokb\u00f3l ered\u0151 k\u00e1rokat, vesztes\u00e9geket, k\u00f6lts\u00e9geket \u00e9s kiad\u00e1sokat.<\/p><h2>19. Lemond\u00e1s<\/h2><p>A jelen \u00c1ltal\u00e1nos Szerz\u0151d\u00e9si Felt\u00e9telekben \u00e9s b\u00e1rmely Meg\u00e1llapod\u00e1sban foglalt rendelkez\u00e9sek \u00e9rv\u00e9nyes\u00edt\u00e9s\u00e9nek elmulaszt\u00e1sa, illetve a felmond\u00e1si lehet\u0151s\u00e9g gyakorl\u00e1s\u00e1nak elmulaszt\u00e1sa nem \u00e9rtelmezhet\u0151 az ilyen rendelkez\u00e9sekr\u0151l val\u00f3 lemond\u00e1sk\u00e9nt, \u00e9s nem \u00e9rinti a jelen \u00c1ltal\u00e1nos Szerz\u0151d\u00e9si Felt\u00e9telek vagy b\u00e1rmely Meg\u00e1llapod\u00e1s vagy annak b\u00e1rmely r\u00e9sz\u00e9nek \u00e9rv\u00e9nyess\u00e9g\u00e9t, illetve az egyes rendelkez\u00e9sek k\u00e9s\u0151bbi \u00e9rv\u00e9nyes\u00edt\u00e9s\u00e9nek jog\u00e1t.<\/p><h2>20. Nyelv<\/h2><p>These Terms and Conditions will be interpreted and construed exclusively in French.&nbsp;All notices and correspondence will be written exclusively in that language.<\/p><h2>21. Teljes meg\u00e1llapod\u00e1s<\/h2><p>A jelen \u00c1ltal\u00e1nos Szerz\u0151d\u00e9si Felt\u00e9telek, valamint a <a href=\"\">adatv\u00e9delmi nyilatkozat<\/a> \u00e9s <a href=\"\">cookie-szab\u00e1lyzat<\/a>Ezek a felt\u00e9telek k\u00e9pezik a teljes meg\u00e1llapod\u00e1st \u00d6n \u00e9s a Wellness Nutrition &amp; Business k\u00f6z\u00f6tt a weboldal haszn\u00e1lat\u00e1val kapcsolatban.<\/p><h2>22. A jelen \u00c1ltal\u00e1nos Szerz\u0151d\u00e9si Felt\u00e9telek friss\u00edt\u00e9se<\/h2><p>A jelen \u00c1ltal\u00e1nos Szerz\u0151d\u00e9si Felt\u00e9teleket id\u0151r\u0151l id\u0151re friss\u00edthetj\u00fck. Az \u00d6n k\u00f6teless\u00e9ge, hogy rendszeresen ellen\u0151rizze a jelen \u00c1ltal\u00e1nos Szerz\u0151d\u00e9si Felt\u00e9teleket a v\u00e1ltoz\u00e1sok vagy friss\u00edt\u00e9sek tekintet\u00e9ben. A jelen \u00c1ltal\u00e1nos Szerz\u0151d\u00e9si Felt\u00e9telek elej\u00e9n megadott d\u00e1tum a legut\u00f3bbi m\u00f3dos\u00edt\u00e1s d\u00e1tuma. A jelen \u00c1ltal\u00e1nos Szerz\u0151d\u00e9si Felt\u00e9telek m\u00f3dos\u00edt\u00e1sai akkor l\u00e9pnek hat\u00e1lyba, amikor a m\u00f3dos\u00edt\u00e1sokat k\u00f6zz\u00e9tessz\u00fck ezen a weboldalon. Ha a m\u00f3dos\u00edt\u00e1sok vagy friss\u00edt\u00e9sek k\u00f6zz\u00e9t\u00e9tel\u00e9t k\u00f6vet\u0151en tov\u00e1bbra is haszn\u00e1lja a weboldalt, az a jelen \u00c1ltal\u00e1nos Szerz\u0151d\u00e9si Felt\u00e9telek betart\u00e1s\u00e1nak \u00e9s betart\u00e1s\u00e1ra vonatkoz\u00f3 beleegyez\u00e9s\u00e9nek bejelent\u00e9s\u00e9nek min\u0151s\u00fcl.<\/p><h2>23. Jogv\u00e1laszt\u00e1s \u00e9s joghat\u00f3s\u00e1g<\/h2><p>Ezekre az \u00c1ltal\u00e1nos Szerz\u0151d\u00e9si Felt\u00e9telekre Franciaorsz\u00e1g t\u00f6rv\u00e9nyei az ir\u00e1nyad\u00f3k. A jelen \u00c1ltal\u00e1nos Szerz\u0151d\u00e9si Felt\u00e9telekkel kapcsolatos b\u00e1rmely jogvita a franciaorsz\u00e1gi b\u00edr\u00f3s\u00e1gok joghat\u00f3s\u00e1ga al\u00e1 tartozik. Ha a jelen \u00c1ltal\u00e1nos Szerz\u0151d\u00e9si Felt\u00e9telek b\u00e1rmely r\u00e9sz\u00e9t vagy rendelkez\u00e9s\u00e9t a b\u00edr\u00f3s\u00e1g vagy m\u00e1s hat\u00f3s\u00e1g \u00e9rv\u00e9nytelennek \u00e9s\/vagy v\u00e9grehajthatatlannak tal\u00e1lja az alkalmazand\u00f3 jog szerint, az ilyen r\u00e9sz vagy rendelkez\u00e9s a megengedett legnagyobb m\u00e9rt\u00e9kben m\u00f3dosul, t\u00f6rl\u00e9sre ker\u00fcl \u00e9s\/vagy \u00e9rv\u00e9nyre jut, hogy a jelen \u00c1ltal\u00e1nos Szerz\u0151d\u00e9si Felt\u00e9telek sz\u00e1nd\u00e9ka \u00e9rv\u00e9nyes\u00fclj\u00f6n. A t\u00f6bbi rendelkez\u00e9st ez nem \u00e9rinti.<\/p><h2>24. Kapcsolattart\u00e1si inform\u00e1ci\u00f3k<\/h2><p>A weboldal tulajdonosa \u00e9s \u00fczemeltet\u0151je a Wellness Nutrition &amp; Business.<\/p><p>You may contact us regarding these Terms and Conditions by writing or emailing us at the following address: inf&#111;&#064;&#119;e&#108;&#108;ne&#115;s&#045;&#110;u&#116;riti&#111;n&#045;&#098;&#117;&#115;iness.&#099;o&#109;<br>ACE MEDIAS<br \/>\r\n3 rue de Thionville<br \/>\r\n57920 K\u00e9dange sur Canner <\/p><h2>25. Let\u00f6lt\u00e9s<\/h2><p>\u00d6n is <a href=\"https:\/\/wellness-nutrition-business.com\/wp-content\/plugins\/complianz-terms-conditions\/download.php\">let\u00f6lt\u00e9s<\/a> \u00c1ltal\u00e1nos Szerz\u0151d\u00e9si Felt\u00e9teleinket PDF form\u00e1tumban.<\/p><\/div>","protected":false},"excerpt":{"rendered":"","protected":false},"author":1,"featured_media":0,"parent":0,"menu_order":0,"comment_status":"closed","ping_status":"closed","template":"","meta":{"_acf_changed":false,"_et_pb_use_builder":"","_et_pb_old_content":"","_et_gb_content_width":"","_mbp_gutenberg_autopost":false,"two_page_speed":[],"footnotes":""},"class_list":["post-149","page","type-page","status-publish","hentry"],"acf":[],"_links":{"self":[{"href":"https:\/\/wellness-nutrition-business.com\/hu\/wp-json\/wp\/v2\/pages\/149","targetHints":{"allow":["GET"]}}],"collection":[{"href":"https:\/\/wellness-nutrition-business.com\/hu\/wp-json\/wp\/v2\/pages"}],"about":[{"href":"https:\/\/wellness-nutrition-business.com\/hu\/wp-json\/wp\/v2\/types\/page"}],"author":[{"embeddable":true,"href":"https:\/\/wellness-nutrition-business.com\/hu\/wp-json\/wp\/v2\/users\/1"}],"replies":[{"embeddable":true,"href":"https:\/\/wellness-nutrition-business.com\/hu\/wp-json\/wp\/v2\/comments?post=149"}],"version-history":[{"count":0,"href":"https:\/\/wellness-nutrition-business.com\/hu\/wp-json\/wp\/v2\/pages\/149\/revisions"}],"wp:attachment":[{"href":"https:\/\/wellness-nutrition-business.com\/hu\/wp-json\/wp\/v2\/media?parent=149"}],"curies":[{"name":"wp","href":"https:\/\/api.w.org\/{rel}","templated":true}]}}