{"id":3,"date":"2024-12-07T19:27:55","date_gmt":"2024-12-07T18:27:55","guid":{"rendered":"http:\/\/wellness-nutrition-business.com\/?page_id=3"},"modified":"2024-12-20T17:32:33","modified_gmt":"2024-12-20T16:32:33","slug":"politique-de-confidentialite","status":"publish","type":"page","link":"https:\/\/wellness-nutrition-business.com\/hu\/politique-de-confidentialite\/","title":{"rendered":"Adatv\u00e9delmi szab\u00e1lyzat"},"content":{"rendered":"<h2 class=\"wp-block-heading\">Kik vagyunk mi?<\/h2>\n\n\n\n<p><strong class=\"privacy-policy-tutorial\">Javasolt sz\u00f6veg: <\/strong>L\u2019adresse de notre site est&nbsp;: http:\/\/wellness-nutrition-business.com.<\/p>\n\n\n\n<h2 class=\"wp-block-heading\">Megjegyz\u00e9sek<\/h2>\n\n\n\n<p>Amikor \u00d6n hozz\u00e1sz\u00f3l\u00e1st hagy a weboldalunkon, a hozz\u00e1sz\u00f3l\u00e1si \u0171rlapon megadott adatokat, valamint az \u00d6n IP-c\u00edm\u00e9t \u00e9s a b\u00f6ng\u00e9sz\u0151je felhaszn\u00e1l\u00f3i \u00fcgyn\u00f6k\u00e9t \u00f6sszegy\u0171jtj\u00fck, hogy seg\u00edts\u00fcnk felismerni a nemk\u00edv\u00e1natos hozz\u00e1sz\u00f3l\u00e1sokat.<\/p>\n\n\n\n<p>Az \u00d6n e-mail c\u00edm\u00e9b\u0151l l\u00e9trehozott anonimiz\u00e1lt karakterl\u00e1nc (m\u00e1s n\u00e9ven hash) elk\u00fcldhet\u0151 a Gravatar szolg\u00e1ltat\u00e1snak, hogy ellen\u0151rizze, haszn\u00e1lja-e azt. A Gravatar szolg\u00e1ltat\u00e1s titoktart\u00e1si z\u00e1rad\u00e9kai itt \u00e9rhet\u0151k el: https:\/\/automattic.com\/privacy\/. Miut\u00e1n a hozz\u00e1sz\u00f3l\u00e1s\u00e1t \u00e9rv\u00e9nyes\u00edtett\u00e9k, a profilk\u00e9pe nyilv\u00e1nosan l\u00e1that\u00f3v\u00e1 v\u00e1lik a hozz\u00e1sz\u00f3l\u00e1sa mellett.<\/p>\n\n\n\n<h2 class=\"wp-block-heading\">M\u00e9dia<\/h2>\n\n\n\n<p>Ha k\u00e9peket t\u00f6lt fel az oldalra, javasoljuk, hogy ker\u00fclje a GPS-koordin\u00e1t\u00e1kat tartalmaz\u00f3 EXIF-adatokat tartalmaz\u00f3 k\u00e9pek felt\u00f6lt\u00e9s\u00e9t. Az oldal\u00e1t l\u00e1togat\u00f3 emberek let\u00f6lthetik \u00e9s kinyerhetik a helymeghat\u00e1roz\u00f3 adatokat ezekb\u0151l a k\u00e9pekb\u0151l.<\/p>\n\n\n\n<h2 class=\"wp-block-heading\">S\u00fctik<\/h2>\n\n\n\n<p>Ha hozz\u00e1sz\u00f3l\u00e1st hagy az oldalunkon, akkor megk\u00e9rj\u00fck, hogy mentse el nev\u00e9t, e-mail c\u00edm\u00e9t \u00e9s weboldal\u00e1t a cookie-kban. Ez puszt\u00e1n az \u00d6n k\u00e9nyelm\u00e9t szolg\u00e1lja, hogy ne kelljen megadni ezeket az adatokat, ha k\u00e9s\u0151bb \u00fajabb hozz\u00e1sz\u00f3l\u00e1st hagy. Ezek a s\u00fctik egy \u00e9v ut\u00e1n lej\u00e1rnak.<\/p>\n\n\n\n<p>Ha a bejelentkez\u00e9si oldalra l\u00e9p, egy ideiglenes s\u00fcti j\u00f6n l\u00e9tre annak meg\u00e1llap\u00edt\u00e1s\u00e1ra, hogy az \u00d6n b\u00f6ng\u00e9sz\u0151je elfogadja-e a s\u00fctiket. Ez nem tartalmaz szem\u00e9lyes adatokat, \u00e9s automatikusan t\u00f6rl\u0151dik, amikor bez\u00e1rja a b\u00f6ng\u00e9sz\u0151j\u00e9t.<\/p>\n\n\n\n<p>Amikor bejelentkezik, sz\u00e1mos s\u00fctit \u00e1ll\u00edtunk be, hogy r\u00f6gz\u00edts\u00fck az \u00d6n bejelentkez\u00e9si adatait \u00e9s k\u00e9perny\u0151be\u00e1ll\u00edt\u00e1sait. A csatlakoz\u00e1si cookie-k \u00e9lettartama k\u00e9t nap, a k\u00e9perny\u0151be\u00e1ll\u00edt\u00e1sok cookie-inak \u00e9lettartama egy \u00e9v. Ha bejel\u00f6li az \"Eml\u00e9kezz r\u00e1m\" opci\u00f3t, a kapcsol\u00f3d\u00e1si s\u00fcti k\u00e9t h\u00e9tig marad meg. Ha kijelentkezik fi\u00f3kj\u00e1b\u00f3l, a bejelentkez\u00e9si s\u00fcti t\u00f6rl\u0151dik.<\/p>\n\n\n\n<p>A publik\u00e1ci\u00f3 m\u00f3dos\u00edt\u00e1s\u00e1val vagy k\u00f6zz\u00e9t\u00e9tel\u00e9vel egy tov\u00e1bbi cookie ker\u00fcl t\u00e1rol\u00e1sra az \u00d6n b\u00f6ng\u00e9sz\u0151j\u00e9ben. Ez a s\u00fcti nem tartalmaz szem\u00e9lyes adatokat. Egyszer\u0171en csak az \u00e9ppen m\u00f3dos\u00edtott kiadv\u00e1ny azonos\u00edt\u00f3j\u00e1t jelzi. Egy nap m\u00falva lej\u00e1r.<\/p>\n\n\n\n<h2 class=\"wp-block-heading\">Be\u00e1gyazott tartalom m\u00e1s webhelyekr\u0151l<\/h2>\n\n\n\n<p>Az oldalon tal\u00e1lhat\u00f3 cikkek tartalmazhatnak be\u00e1gyazott tartalmakat (pl. vide\u00f3kat, k\u00e9peket, cikkeket stb.). A m\u00e1s webhelyekr\u0151l sz\u00e1rmaz\u00f3 be\u00e1gyazott tartalom ugyan\u00fagy viselkedik, mintha a l\u00e1togat\u00f3 az adott webhelyet l\u00e1togatn\u00e1.<\/p>\n\n\n\n<p>Ezek a weboldalak adatokat gy\u0171jthetnek \u00d6nr\u0151l, cookie-kat haszn\u00e1lhatnak, harmadik f\u00e9lt\u0151l sz\u00e1rmaz\u00f3 nyomk\u00f6vet\u0151 eszk\u00f6z\u00f6ket \u00e1gyazhatnak be, \u00e9s nyomon k\u00f6vethetik az \u00d6n interakci\u00f3it ezzel a be\u00e1gyazott tartalommal, ha \u00d6n fi\u00f3kkal rendelkezik a weboldalukhoz kapcsol\u00f3d\u00f3an.<\/p>\n\n\n\n<h2 class=\"wp-block-heading\">Az \u00d6n szem\u00e9lyes adatainak felhaszn\u00e1l\u00e1sa \u00e9s tov\u00e1bb\u00edt\u00e1sa<\/h2>\n\n\n\n<p>Ha jelsz\u00f3-vissza\u00e1ll\u00edt\u00e1st k\u00e9r, az \u00d6n IP-c\u00edme szerepel a jelsz\u00f3-vissza\u00e1ll\u00edt\u00e1si e-mailben.<\/p>\n\n\n\n<h2 class=\"wp-block-heading\">Az \u00d6n adatainak t\u00e1rol\u00e1si ideje<\/h2>\n\n\n\n<p>Ha megjegyz\u00e9st hagy, a megjegyz\u00e9st \u00e9s annak metaadatait hat\u00e1rozatlan ideig t\u00e1roljuk. Ez lehet\u0151v\u00e9 teszi, hogy a k\u00e9s\u0151bbi hozz\u00e1sz\u00f3l\u00e1sokat automatikusan felismerj\u00e9k \u00e9s j\u00f3v\u00e1hagyj\u00e1k, ahelyett, hogy a moder\u00e1l\u00e1si sorban maradn\u00e1nak.<\/p>\n\n\n\n<p>Az oldalunkon regisztr\u00e1lt fi\u00f3kok eset\u00e9ben (adott esetben) a profiljukban megadott szem\u00e9lyes adatokat is t\u00e1roljuk. Minden fi\u00f3k b\u00e1rmikor megtekintheti, m\u00f3dos\u00edthatja vagy t\u00f6r\u00f6lheti szem\u00e9lyes adatait (a felhaszn\u00e1l\u00f3i azonos\u00edt\u00f3 kiv\u00e9tel\u00e9vel). Az oldal menedzserei szint\u00e9n megtekinthetik \u00e9s m\u00f3dos\u00edthatj\u00e1k ezeket az adatokat.<\/p>\n\n\n\n<h2 class=\"wp-block-heading\">Az \u00d6n adatai feletti jogok<\/h2>\n\n\n\n<p>Ha rendelkezik fi\u00f3kkal, vagy ha hozz\u00e1sz\u00f3l\u00e1sokat hagyott a weboldalon, k\u00e9rheti, hogy kapjon egy olyan f\u00e1jlt, amely tartalmazza az \u00f6sszes \u00d6nr\u0151l t\u00e1rolt szem\u00e9lyes adatot, bele\u00e9rtve azokat is, amelyeket \u00d6n megadott nek\u00fcnk. K\u00e9rheti szem\u00e9lyes adatainak t\u00f6rl\u00e9s\u00e9t is. Ez nem vonatkozik az adminisztrat\u00edv, jogi vagy biztons\u00e1gi c\u00e9lb\u00f3l t\u00e1rolt adatokra.<\/p>\n\n\n\n<h2 class=\"wp-block-heading\">Az \u00d6n szem\u00e9lyes adatainak tov\u00e1bb\u00edt\u00e1sa<\/h2>\n\n\n\n<p>A l\u00e1togat\u00f3k hozz\u00e1sz\u00f3l\u00e1sait egy automatiz\u00e1lt szolg\u00e1ltat\u00e1ssal ellen\u0151rizni lehet a nemk\u00edv\u00e1natos hozz\u00e1sz\u00f3l\u00e1sok kisz\u0171r\u00e9se \u00e9rdek\u00e9ben.<\/p>","protected":false},"excerpt":{"rendered":"<p>Qui sommes-nous&nbsp;? Texte sugg\u00e9r\u00e9&nbsp;: L\u2019adresse de notre site est&nbsp;: http:\/\/wellness-nutrition-business.com. Commentaires Quand vous laissez un commentaire sur notre site, les donn\u00e9es inscrites dans le formulaire de commentaire, ainsi que votre adresse IP et l\u2019agent utilisateur de votre navigateur sont collect\u00e9s pour nous aider \u00e0 la d\u00e9tection des commentaires ind\u00e9sirables. Une cha\u00eene anonymis\u00e9e cr\u00e9\u00e9e \u00e0 partir [&hellip;]<\/p>\n","protected":false},"author":1,"featured_media":0,"parent":0,"menu_order":0,"comment_status":"closed","ping_status":"open","template":"","meta":{"_acf_changed":false,"_et_pb_use_builder":"","_et_pb_old_content":"","_et_gb_content_width":"","_mbp_gutenberg_autopost":false,"two_page_speed":[],"footnotes":""},"class_list":["post-3","page","type-page","status-publish","hentry"],"acf":[],"_links":{"self":[{"href":"https:\/\/wellness-nutrition-business.com\/hu\/wp-json\/wp\/v2\/pages\/3","targetHints":{"allow":["GET"]}}],"collection":[{"href":"https:\/\/wellness-nutrition-business.com\/hu\/wp-json\/wp\/v2\/pages"}],"about":[{"href":"https:\/\/wellness-nutrition-business.com\/hu\/wp-json\/wp\/v2\/types\/page"}],"author":[{"embeddable":true,"href":"https:\/\/wellness-nutrition-business.com\/hu\/wp-json\/wp\/v2\/users\/1"}],"replies":[{"embeddable":true,"href":"https:\/\/wellness-nutrition-business.com\/hu\/wp-json\/wp\/v2\/comments?post=3"}],"version-history":[{"count":2,"href":"https:\/\/wellness-nutrition-business.com\/hu\/wp-json\/wp\/v2\/pages\/3\/revisions"}],"predecessor-version":[{"id":154,"href":"https:\/\/wellness-nutrition-business.com\/hu\/wp-json\/wp\/v2\/pages\/3\/revisions\/154"}],"wp:attachment":[{"href":"https:\/\/wellness-nutrition-business.com\/hu\/wp-json\/wp\/v2\/media?parent=3"}],"curies":[{"name":"wp","href":"https:\/\/api.w.org\/{rel}","templated":true}]}}