{"id":543,"date":"2025-01-06T17:41:47","date_gmt":"2025-01-06T16:41:47","guid":{"rendered":"https:\/\/wellness-nutrition-business.com\/index.php\/politique-de-cookies-ue\/"},"modified":"2025-01-06T17:41:47","modified_gmt":"2025-01-06T16:41:47","slug":"politique-de-cookies-ue","status":"publish","type":"page","link":"https:\/\/wellness-nutrition-business.com\/hu\/politique-de-cookies-ue\/","title":{"rendered":"Cookie-szab\u00e1lyzat (EU)"},"content":{"rendered":"<!-- Legal document generated by Complianz | GDPR\/CCPA Cookie Consent https:\/\/wordpress.org\/plugins\/complianz-gdpr -->\n<div id=\"cmplz-document\" class=\"cmplz-document cookie-statement cmplz-document-eu\"><p><i>This Cookie Policy was last updated on 7 febru\u00e1r 2025 and applies to citizens and legal permanent residents of the European Economic Area and Switzerland.<\/i><br><\/p><h2>1. Bevezet\u00e9s<\/h2><p>Honlapunk, <a href=\"https:\/\/wellness-nutrition-business.com\/hu\">https:\/\/wellness-nutrition-business.com\/hu<\/a> (a tov\u00e1bbiakban: \"a weboldal\") cookie-kat \u00e9s m\u00e1s kapcsol\u00f3d\u00f3 technol\u00f3gi\u00e1kat haszn\u00e1l (az egyszer\u0171s\u00e9g kedv\u00e9\u00e9rt minden technol\u00f3gi\u00e1ra \"cookie-k\u00e9nt\" hivatkozunk). Az \u00e1ltalunk megb\u00edzott harmadik felek is elhelyeznek s\u00fctiket. Az al\u00e1bbi dokumentumban t\u00e1j\u00e9koztatjuk \u00d6nt a cookie-k weboldalunkon t\u00f6rt\u00e9n\u0151 haszn\u00e1lat\u00e1r\u00f3l.<\/p><h2>2. Mik azok a s\u00fctik?<\/h2><p>A s\u00fcti egy kis egyszer\u0171 f\u00e1jl, amelyet a weboldal oldalaihoz k\u00fcld\u00fcnk, \u00e9s amelyet az \u00d6n b\u00f6ng\u00e9sz\u0151je az \u00d6n sz\u00e1m\u00edt\u00f3g\u00e9p\u00e9nek vagy m\u00e1s eszk\u00f6z\u00e9nek merevlemez\u00e9n t\u00e1rol. A benne t\u00e1rolt inform\u00e1ci\u00f3k egy k\u00e9s\u0151bbi l\u00e1togat\u00e1s sor\u00e1n visszak\u00fcldhet\u0151k a mi szervereinkre vagy az \u00e9rintett harmadik felek szervereire.<\/p><h2>3. Mik azok a forgat\u00f3k\u00f6nyvek?<\/h2><p>A szkript egy olyan programk\u00f3d, amelyet a weboldalunk megfelel\u0151 \u00e9s interakt\u00edv m\u0171k\u00f6d\u00e9s\u00e9hez haszn\u00e1lunk. Ez a k\u00f3d a szerver\u00fcnk\u00f6n vagy az \u00d6n eszk\u00f6z\u00e9n ker\u00fcl v\u00e9grehajt\u00e1sra.<\/p><h2>4. Mi az a webjelz\u0151?<\/h2><p>A web beacon (vagy pixel tag) egy kis, l\u00e1thatatlan sz\u00f6veg vagy k\u00e9p egy weboldalon, amelyet a weboldal forgalm\u00e1nak nyomon k\u00f6vet\u00e9s\u00e9re haszn\u00e1lnak. Ennek \u00e9rdek\u00e9ben a webjelz\u0151k seg\u00edts\u00e9g\u00e9vel k\u00fcl\u00f6nb\u00f6z\u0151 adatokat t\u00e1rolnak \u00d6nr\u0151l.<\/p><h2>5. S\u00fctik<\/h2><p class=\"cmplz-subtitle\">5.1 Technikai vagy funkcion\u00e1lis s\u00fctik<\/p><p>Egyes s\u00fctik biztos\u00edtj\u00e1k, hogy a weboldal bizonyos r\u00e9szei megfelel\u0151en m\u0171k\u00f6djenek, \u00e9s hogy az \u00d6n felhaszn\u00e1l\u00f3i be\u00e1ll\u00edt\u00e1sai ismertek maradjanak. A funkcion\u00e1lis s\u00fctik elhelyez\u00e9s\u00e9vel megk\u00f6nny\u00edtj\u00fck \u00d6nnek a weboldalunk l\u00e1togat\u00e1s\u00e1t. \u00cdgy nem kell t\u00f6bbsz\u00f6r ugyanazokat az adatokat megadnia, amikor megl\u00e1togatja weboldalunkat, \u00e9s p\u00e9ld\u00e1ul a t\u00e9telek a fizet\u00e9sig a kos\u00e1rban maradnak. Ezeket a cookie-kat az \u00d6n hozz\u00e1j\u00e1rul\u00e1sa n\u00e9lk\u00fcl is elhelyezhetj\u00fck.<\/p><p class=\"cmplz-subtitle\">5.2 Statisztikai s\u00fctik<\/p><p>Statisztikai s\u00fctiket haszn\u00e1lunk, hogy optimaliz\u00e1ljuk a weboldal felhaszn\u00e1l\u00f3i \u00e9lm\u00e9ny\u00e9t. Ezekkel a statisztikai s\u00fctikkel betekint\u00e9st nyer\u00fcnk a weboldalunk haszn\u00e1lat\u00e1ba. A statisztikai s\u00fctik elhelyez\u00e9s\u00e9hez az \u00d6n enged\u00e9ly\u00e9t k\u00e9rj\u00fck.<\/p><p class=\"cmplz-subtitle\">5.3 Marketing\/k\u00f6vet\u00e9si s\u00fctik<\/p><p>A marketing\/k\u00f6vet\u0151 s\u00fctik olyan s\u00fctik vagy a helyi t\u00e1rol\u00e1s b\u00e1rmely m\u00e1s form\u00e1ja, amelyeket arra haszn\u00e1lnak, hogy felhaszn\u00e1l\u00f3i profilokat hozzanak l\u00e9tre rekl\u00e1mok megjelen\u00edt\u00e9s\u00e9hez, vagy hogy nyomon k\u00f6vess\u00e9k a felhaszn\u00e1l\u00f3t ezen a weboldalon vagy t\u00f6bb weboldalon kereszt\u00fcl hasonl\u00f3 marketingc\u00e9lokb\u00f3l.<\/p><h2>6. Elhelyezett s\u00fctik<\/h2><div id=\"cmplz-cookies-overview\"><details class=\"cmplz-dropdown cmplz-service-desc cmplz-dropdown-cookiepolicy\">\n\t<summary class=\"cmplz-service-header\"><div>\n\t\t<h3>Google reCAPTCHA<\/h3>\n\t\t<p>Functional<\/p>\n\t\t<label for=\"cmplz_service_google-recaptcha\" class=\"cmplz_consent_per_service_label\"><span class=\"screen-reader-text\">Hozz\u00e1j\u00e1rul\u00e1s a google-recaptcha szolg\u00e1ltat\u00e1shoz<\/span><\/label>\n\t\t<input type=\"checkbox\" id=\"cmplz_service_google-recaptcha\" class=\"cmplz-accept-service cmplz-hidden\" data-service=\"google-recaptcha\" data-category=\"functional\"><\/div>\n\t<\/summary>\n\t<div class=\"cmplz-service-description\">\n\t\t<h4>Usage<\/h4>\n\t\t<p><\/p>\n\t<\/div>\n\t<div class=\"cmplz-sharing-data\">\n\t\t<h4>Sharing data<\/h4>\n\t\t<p>This data is not shared with third parties.<\/p>\n\t<\/div>\n\t<div class=\"cookies-per-purpose\">\n    <div class=\"purpose\"><h4>Functional<\/h4><\/div>\n    <div class=\"name-header\">\n\t<h5>N\u00e9v<\/h5>\n<\/div>\n<div class=\"name\"><a target=\"_blank\" rel=\"noopener noreferrer nofollow\" href=\"https:\/\/cookiedatabase.org\/cookie\/unknown-service\/_grecaptcha\/\">_grecaptcha<\/a><\/div>\n<div class=\"retention-header\">\n\t<h5>Lej\u00e1rat<\/h5>\n<\/div>\n<div class=\"retention\">6 months<\/div>\n<div class=\"function-header\">\n\t<h5>Function<\/h5>\n<\/div>\n<div class=\"function\">Provide spam protection<\/div>\n\n<\/div>\n<\/details>\n<details class=\"cmplz-dropdown cmplz-service-desc cmplz-dropdown-cookiepolicy\">\n\t<summary class=\"cmplz-service-header\"><div>\n\t\t<h3>WordPress<\/h3>\n\t\t<p>Functional<\/p>\n\t\t<label for=\"cmplz_service_wordpress\" class=\"cmplz_consent_per_service_label\"><span class=\"screen-reader-text\">Hozz\u00e1j\u00e1rul\u00e1s a wordpress szolg\u00e1ltat\u00e1shoz<\/span><\/label>\n\t\t<input type=\"checkbox\" id=\"cmplz_service_wordpress\" class=\"cmplz-accept-service cmplz-hidden\" data-service=\"wordpress\" data-category=\"functional\"><\/div>\n\t<\/summary>\n\t<div class=\"cmplz-service-description\">\n\t\t<h4>Usage<\/h4>\n\t\t<p>We use WordPress for website development. <a target=\"_blank\" rel=\"noopener noreferrer nofollow\" href=\"https:\/\/cookiedatabase.org\/service\/wordpress\/\">Read more about WordPress<\/a><\/p>\n\t<\/div>\n\t<div class=\"cmplz-sharing-data\">\n\t\t<h4>Sharing data<\/h4>\n\t\t<p>This data is not shared with third parties.<\/p>\n\t<\/div>\n\t<div class=\"cookies-per-purpose\">\n    <div class=\"purpose\"><h4>Functional<\/h4><\/div>\n    <div class=\"name-header\">\n\t<h5>N\u00e9v<\/h5>\n<\/div>\n<div class=\"name\"><a target=\"_blank\" rel=\"noopener noreferrer nofollow\" href=\"https:\/\/cookiedatabase.org\/cookie\/wordpress\/wpemojisettingssupports\/\">wpEmojiSettingsSupports<\/a><\/div>\n<div class=\"retention-header\">\n\t<h5>Lej\u00e1rat<\/h5>\n<\/div>\n<div class=\"retention\">session<\/div>\n<div class=\"function-header\">\n\t<h5>Function<\/h5>\n<\/div>\n<div class=\"function\">Store browser details<\/div>\n\n<\/div>\n<\/details>\n<details class=\"cmplz-dropdown cmplz-service-desc cmplz-dropdown-cookiepolicy\">\n\t<summary class=\"cmplz-service-header\"><div>\n\t\t<h3>WordPress<\/h3>\n\t\t<p>Functional<\/p>\n\t\t<label for=\"cmplz_service_wordpress\" class=\"cmplz_consent_per_service_label\"><span class=\"screen-reader-text\">Hozz\u00e1j\u00e1rul\u00e1s a wordpress szolg\u00e1ltat\u00e1shoz<\/span><\/label>\n\t\t<input type=\"checkbox\" id=\"cmplz_service_wordpress\" class=\"cmplz-accept-service cmplz-hidden\" data-service=\"wordpress\" data-category=\"functional\"><\/div>\n\t<\/summary>\n\t<div class=\"cmplz-service-description\">\n\t\t<h4>Usage<\/h4>\n\t\t<p><\/p>\n\t<\/div>\n\t<div class=\"cmplz-sharing-data\">\n\t\t<h4>Sharing data<\/h4>\n\t\t<p>This data is not shared with third parties.<\/p>\n\t<\/div>\n\t<div class=\"cookies-per-purpose\">\n    <div class=\"purpose\"><h4>Functional<\/h4><\/div>\n    <div class=\"name-header\">\n\t<h5>N\u00e9v<\/h5>\n<\/div>\n<div class=\"name\"><a target=\"_blank\" rel=\"noopener noreferrer nofollow\" href=\"https:\/\/cookiedatabase.org\/cookie\/unknown-service\/wp-settings-time\/\">wp-be\u00e1ll\u00edt\u00e1sok-id\u0151-*<\/a><\/div>\n<div class=\"retention-header\">\n\t<h5>Lej\u00e1rat<\/h5>\n<\/div>\n<div class=\"retention\">1 year<\/div>\n<div class=\"function-header\">\n\t<h5>Function<\/h5>\n<\/div>\n<div class=\"function\">Store user preferences<\/div>\n<div class=\"name-header\">\n\t<h5>N\u00e9v<\/h5>\n<\/div>\n<div class=\"name\"><a target=\"_blank\" rel=\"noopener noreferrer nofollow\" href=\"https:\/\/cookiedatabase.org\/cookie\/unknown-service\/wordpress_logged_in_\/\">wordpress_logged_in_*<\/a><\/div>\n<div class=\"retention-header\">\n\t<h5>Lej\u00e1rat<\/h5>\n<\/div>\n<div class=\"retention\">persistent<\/div>\n<div class=\"function-header\">\n\t<h5>Function<\/h5>\n<\/div>\n<div class=\"function\">Store logged in users<\/div>\n<div class=\"name-header\">\n\t<h5>N\u00e9v<\/h5>\n<\/div>\n<div class=\"name\"><a target=\"_blank\" rel=\"noopener noreferrer nofollow\" href=\"https:\/\/cookiedatabase.org\/cookie\/unknown-service\/wordpress_test_cookie\/\">wordpress_test_cookie<\/a><\/div>\n<div class=\"retention-header\">\n\t<h5>Lej\u00e1rat<\/h5>\n<\/div>\n<div class=\"retention\">session<\/div>\n<div class=\"function-header\">\n\t<h5>Function<\/h5>\n<\/div>\n<div class=\"function\">Read if cookies can be placed<\/div>\n<div class=\"name-header\">\n\t<h5>N\u00e9v<\/h5>\n<\/div>\n<div class=\"name\"><a target=\"_blank\" rel=\"noopener noreferrer nofollow\" href=\"https:\/\/cookiedatabase.org\/cookie\/unknown-service\/wp-settings\/\">wp-settings-*<\/a><\/div>\n<div class=\"retention-header\">\n\t<h5>Lej\u00e1rat<\/h5>\n<\/div>\n<div class=\"retention\">persistent<\/div>\n<div class=\"function-header\">\n\t<h5>Function<\/h5>\n<\/div>\n<div class=\"function\">Store user preferences<\/div>\n\n<\/div>\n<\/details>\n<details class=\"cmplz-dropdown cmplz-service-desc cmplz-dropdown-cookiepolicy\">\n\t<summary class=\"cmplz-service-header\"><div>\n\t\t<h3>LiteSpeed<\/h3>\n\t\t<p>Functional<\/p>\n\t\t<label for=\"cmplz_service_litespeed\" class=\"cmplz_consent_per_service_label\"><span class=\"screen-reader-text\">Hozz\u00e1j\u00e1rul\u00e1s a litespeed szolg\u00e1ltat\u00e1shoz<\/span><\/label>\n\t\t<input type=\"checkbox\" id=\"cmplz_service_litespeed\" class=\"cmplz-accept-service cmplz-hidden\" data-service=\"litespeed\" data-category=\"functional\"><\/div>\n\t<\/summary>\n\t<div class=\"cmplz-service-description\">\n\t\t<h4>Usage<\/h4>\n\t\t<p><\/p>\n\t<\/div>\n\t<div class=\"cmplz-sharing-data\">\n\t\t<h4>Sharing data<\/h4>\n\t\t<p>This data is not shared with third parties.<\/p>\n\t<\/div>\n\t<div class=\"cookies-per-purpose\">\n    <div class=\"purpose\"><h4>Functional<\/h4><\/div>\n    <div class=\"name-header\">\n\t<h5>N\u00e9v<\/h5>\n<\/div>\n<div class=\"name\"><a target=\"_blank\" rel=\"noopener noreferrer nofollow\" href=\"https:\/\/cookiedatabase.org\/cookie\/unknown-service\/_lscache_vary\/\">_lscache_vary<\/a><\/div>\n<div class=\"retention-header\">\n\t<h5>Lej\u00e1rat<\/h5>\n<\/div>\n<div class=\"retention\">2 days<\/div>\n<div class=\"function-header\">\n\t<h5>Function<\/h5>\n<\/div>\n<div class=\"function\">Provide the prevention of cached pages<\/div>\n\n<\/div>\n<\/details>\n<details class=\"cmplz-dropdown cmplz-service-desc cmplz-dropdown-cookiepolicy\">\n\t<summary class=\"cmplz-service-header\"><div>\n\t\t<h3>Complianz<\/h3>\n\t\t<p>Functional<\/p>\n\t\t<label for=\"cmplz_service_complianz\" class=\"cmplz_consent_per_service_label\"><span class=\"screen-reader-text\">Hozz\u00e1j\u00e1rul\u00e1s a szolg\u00e1ltat\u00e1shoz complianz<\/span><\/label>\n\t\t<input type=\"checkbox\" id=\"cmplz_service_complianz\" class=\"cmplz-accept-service cmplz-hidden\" data-service=\"complianz\" data-category=\"functional\"><\/div>\n\t<\/summary>\n\t<div class=\"cmplz-service-description\">\n\t\t<h4>Usage<\/h4>\n\t\t<p><\/p>\n\t<\/div>\n\t<div class=\"cmplz-sharing-data\">\n\t\t<h4>Sharing data<\/h4>\n\t\t<p>This data is not shared with third parties.&nbsp;For more information, please read the <a target=\"_blank\" rel=\"noopener noreferrer nofollow\" href=\"https:\/\/complianz.io\/legal\/privacy-statement\/\">Complianz Privacy Statement<\/a>.<\/p>\n\t<\/div>\n\t<div class=\"cookies-per-purpose\">\n    <div class=\"purpose\"><h4>Functional<\/h4><\/div>\n    <div class=\"name-header\">\n\t<h5>N\u00e9v<\/h5>\n<\/div>\n<div class=\"name\"><a target=\"_blank\" rel=\"noopener noreferrer nofollow\" href=\"https:\/\/cookiedatabase.org\/cookie\/unknown-service\/cmplz_functional\/\">cmplz_functional<\/a><\/div>\n<div class=\"retention-header\">\n\t<h5>Lej\u00e1rat<\/h5>\n<\/div>\n<div class=\"retention\">365 days<\/div>\n<div class=\"function-header\">\n\t<h5>Function<\/h5>\n<\/div>\n<div class=\"function\">Store cookie consent preferences<\/div>\n<div class=\"name-header\">\n\t<h5>N\u00e9v<\/h5>\n<\/div>\n<div class=\"name\"><a target=\"_blank\" rel=\"noopener noreferrer nofollow\" href=\"https:\/\/cookiedatabase.org\/cookie\/unknown-service\/cmplz_marketing\/\">cmplz_marketing<\/a><\/div>\n<div class=\"retention-header\">\n\t<h5>Lej\u00e1rat<\/h5>\n<\/div>\n<div class=\"retention\">365 days<\/div>\n<div class=\"function-header\">\n\t<h5>Function<\/h5>\n<\/div>\n<div class=\"function\">Store cookie consent preferences<\/div>\n<div class=\"name-header\">\n\t<h5>N\u00e9v<\/h5>\n<\/div>\n<div class=\"name\"><a target=\"_blank\" rel=\"noopener noreferrer nofollow\" href=\"https:\/\/cookiedatabase.org\/cookie\/unknown-service\/cmplz_preferences\/\">cmplz_preferences<\/a><\/div>\n<div class=\"retention-header\">\n\t<h5>Lej\u00e1rat<\/h5>\n<\/div>\n<div class=\"retention\">365 days<\/div>\n<div class=\"function-header\">\n\t<h5>Function<\/h5>\n<\/div>\n<div class=\"function\">Store cookie consent preferences<\/div>\n<div class=\"name-header\">\n\t<h5>N\u00e9v<\/h5>\n<\/div>\n<div class=\"name\"><a target=\"_blank\" rel=\"noopener noreferrer nofollow\" href=\"https:\/\/cookiedatabase.org\/cookie\/unknown-service\/cmplz_statistics\/\">cmplz_statistics<\/a><\/div>\n<div class=\"retention-header\">\n\t<h5>Lej\u00e1rat<\/h5>\n<\/div>\n<div class=\"retention\">365 days<\/div>\n<div class=\"function-header\">\n\t<h5>Function<\/h5>\n<\/div>\n<div class=\"function\">Store cookie consent preferences<\/div>\n\n<\/div>\n<\/details>\n<details class=\"cmplz-dropdown cmplz-service-desc cmplz-dropdown-cookiepolicy\">\n\t<summary class=\"cmplz-service-header\"><div>\n\t\t<h3>Miscellaneous<\/h3>\n\t\t<p>Purpose pending investigation<\/p>\n\t\t<label for=\"cmplz_service_miscellaneous\" class=\"cmplz_consent_per_service_label\"><span class=\"screen-reader-text\">Consent to service miscellaneous<\/span><\/label>\n\t\t<input type=\"checkbox\" id=\"cmplz_service_miscellaneous\" class=\"cmplz-accept-service cmplz-hidden\" data-service=\"miscellaneous\" data-category=\"functional\"><\/div>\n\t<\/summary>\n\t<div class=\"cmplz-service-description\">\n\t\t<h4>Usage<\/h4>\n\t\t<p><\/p>\n\t<\/div>\n\t<div class=\"cmplz-sharing-data\">\n\t\t<h4>Sharing data<\/h4>\n\t\t<p>Sharing of data is pending investigation<\/p>\n\t<\/div>\n\t<div class=\"cookies-per-purpose\">\n    <div class=\"purpose\"><h4>Purpose pending investigation<\/h4><\/div>\n    <div class=\"name-header\">\n\t<h5>N\u00e9v<\/h5>\n<\/div>\n<div class=\"name\">finom receptek_szekci\u00f3<\/div>\n<div class=\"retention-header\">\n\t<h5>Lej\u00e1rat<\/h5>\n<\/div>\n<div class=\"retention\"><\/div>\n<div class=\"function-header\">\n\t<h5>Function<\/h5>\n<\/div>\n<div class=\"function\"><\/div>\n<div class=\"name-header\">\n\t<h5>N\u00e9v<\/h5>\n<\/div>\n<div class=\"name\">burst_uid<\/div>\n<div class=\"retention-header\">\n\t<h5>Lej\u00e1rat<\/h5>\n<\/div>\n<div class=\"retention\"><\/div>\n<div class=\"function-header\">\n\t<h5>Function<\/h5>\n<\/div>\n<div class=\"function\"><\/div>\n<div class=\"name-header\">\n\t<h5>N\u00e9v<\/h5>\n<\/div>\n<div class=\"name\">PHPSESSID<\/div>\n<div class=\"retention-header\">\n\t<h5>Lej\u00e1rat<\/h5>\n<\/div>\n<div class=\"retention\"><\/div>\n<div class=\"function-header\">\n\t<h5>Function<\/h5>\n<\/div>\n<div class=\"function\"><\/div>\n<div class=\"name-header\">\n\t<h5>N\u00e9v<\/h5>\n<\/div>\n<div class=\"name\">wp_lang<\/div>\n<div class=\"retention-header\">\n\t<h5>Lej\u00e1rat<\/h5>\n<\/div>\n<div class=\"retention\"><\/div>\n<div class=\"function-header\">\n\t<h5>Function<\/h5>\n<\/div>\n<div class=\"function\"><\/div>\n<div class=\"name-header\">\n\t<h5>N\u00e9v<\/h5>\n<\/div>\n<div class=\"name\">wpgmza-api-consent-given<\/div>\n<div class=\"retention-header\">\n\t<h5>Lej\u00e1rat<\/h5>\n<\/div>\n<div class=\"retention\"><\/div>\n<div class=\"function-header\">\n\t<h5>Function<\/h5>\n<\/div>\n<div class=\"function\"><\/div>\n<div class=\"name-header\">\n\t<h5>N\u00e9v<\/h5>\n<\/div>\n<div class=\"name\">mtm_cookie_consent<\/div>\n<div class=\"retention-header\">\n\t<h5>Lej\u00e1rat<\/h5>\n<\/div>\n<div class=\"retention\"><\/div>\n<div class=\"function-header\">\n\t<h5>Function<\/h5>\n<\/div>\n<div class=\"function\"><\/div>\n<div class=\"name-header\">\n\t<h5>N\u00e9v<\/h5>\n<\/div>\n<div class=\"name\">_pk_id.1.d4c3<\/div>\n<div class=\"retention-header\">\n\t<h5>Lej\u00e1rat<\/h5>\n<\/div>\n<div class=\"retention\"><\/div>\n<div class=\"function-header\">\n\t<h5>Function<\/h5>\n<\/div>\n<div class=\"function\"><\/div>\n<div class=\"name-header\">\n\t<h5>N\u00e9v<\/h5>\n<\/div>\n<div class=\"name\">cmplz_banner-status<\/div>\n<div class=\"retention-header\">\n\t<h5>Lej\u00e1rat<\/h5>\n<\/div>\n<div class=\"retention\">365 days<\/div>\n<div class=\"function-header\">\n\t<h5>Function<\/h5>\n<\/div>\n<div class=\"function\"><\/div>\n<div class=\"name-header\">\n\t<h5>N\u00e9v<\/h5>\n<\/div>\n<div class=\"name\">cmplz_consented_services<\/div>\n<div class=\"retention-header\">\n\t<h5>Lej\u00e1rat<\/h5>\n<\/div>\n<div class=\"retention\">365 days<\/div>\n<div class=\"function-header\">\n\t<h5>Function<\/h5>\n<\/div>\n<div class=\"function\"><\/div>\n<div class=\"name-header\">\n\t<h5>N\u00e9v<\/h5>\n<\/div>\n<div class=\"name\">cmplz_policy_id<\/div>\n<div class=\"retention-header\">\n\t<h5>Lej\u00e1rat<\/h5>\n<\/div>\n<div class=\"retention\">365 days<\/div>\n<div class=\"function-header\">\n\t<h5>Function<\/h5>\n<\/div>\n<div class=\"function\"><\/div>\n<div class=\"name-header\">\n\t<h5>N\u00e9v<\/h5>\n<\/div>\n<div class=\"name\">_pk_id_1_d4c3<\/div>\n<div class=\"retention-header\">\n\t<h5>Lej\u00e1rat<\/h5>\n<\/div>\n<div class=\"retention\"><\/div>\n<div class=\"function-header\">\n\t<h5>Function<\/h5>\n<\/div>\n<div class=\"function\"><\/div>\n\n<\/div>\n<\/details>\n<\/div><h2>7. Hozz\u00e1j\u00e1rul\u00e1s<\/h2><p>Amikor el\u0151sz\u00f6r l\u00e1togat el a weboldalunkra, egy felugr\u00f3 ablakot jelen\u00edt\u00fcnk meg, amely a s\u00fctikr\u0151l ad magyar\u00e1zatot. Amint a \"Be\u00e1ll\u00edt\u00e1sok ment\u00e9se\" gombra kattint, hozz\u00e1j\u00e1rul ahhoz, hogy a felugr\u00f3 ablakban kiv\u00e1lasztott cookie-k \u00e9s be\u00e9p\u00fcl\u0151 modulok kateg\u00f3ri\u00e1it a jelen Cookie-szab\u00e1lyzatban le\u00edrtak szerint haszn\u00e1ljuk. B\u00f6ng\u00e9sz\u0151j\u00e9n kereszt\u00fcl letilthatja a cookie-k haszn\u00e1lat\u00e1t, de k\u00e9rj\u00fck, vegye figyelembe, hogy ez esetben weboldalunk nem fog megfelel\u0151en m\u0171k\u00f6dni.<\/p><p class=\"cmplz-subtitle\">7.1 A hozz\u00e1j\u00e1rul\u00e1s be\u00e1ll\u00edt\u00e1sainak kezel\u00e9se<\/p><div id=\"cmplz-manage-consent-container-nojavascript\">You have loaded the Cookie Policy without javascript support.&nbsp;On AMP, you can use the manage consent button on the bottom of the page.<\/div><div id=\"cmplz-manage-consent-container\" name=\"cmplz-manage-consent-container\" class=\"cmplz-manage-consent-container\"><\/div><h2>8. A s\u00fctik enged\u00e9lyez\u00e9se\/tilt\u00e1sa \u00e9s t\u00f6rl\u00e9se<\/h2><p>Az internetes b\u00f6ng\u00e9sz\u0151je seg\u00edts\u00e9g\u00e9vel automatikusan vagy manu\u00e1lisan t\u00f6r\u00f6lheti a s\u00fctiket. Azt is megadhatja, hogy bizonyos s\u00fctik ne ker\u00fcljenek elhelyez\u00e9sre. Egy m\u00e1sik lehet\u0151s\u00e9g, hogy megv\u00e1ltoztatja az internetb\u00f6ng\u00e9sz\u0151 be\u00e1ll\u00edt\u00e1sait, hogy minden egyes cookie elhelyez\u00e9sekor \u00fczenetet kapjon. Az ezekkel a lehet\u0151s\u00e9gekkel kapcsolatos tov\u00e1bbi inform\u00e1ci\u00f3k\u00e9rt k\u00e9rj\u00fck, olvassa el a b\u00f6ng\u00e9sz\u0151je s\u00fag\u00f3j\u00e1ban tal\u00e1lhat\u00f3 utas\u00edt\u00e1sokat.<\/p><p>Felh\u00edvjuk figyelm\u00e9t, hogy weboldalunk nem m\u0171k\u00f6dik megfelel\u0151en, ha az \u00f6sszes cookie-t letiltja. Ha t\u00f6rli a cookie-kat a b\u00f6ng\u00e9sz\u0151j\u00e9b\u0151l, akkor azok az \u00d6n beleegyez\u00e9s\u00e9t k\u00f6vet\u0151en \u00fajra elhelyez\u00e9sre ker\u00fclnek, amikor \u00fajra megl\u00e1togatja weboldalunkat.<\/p><h2>9. Az \u00d6n jogai a szem\u00e9lyes adatokkal kapcsolatban<\/h2><p>Szem\u00e9lyes adatai tekintet\u00e9ben a k\u00f6vetkez\u0151 jogokkal rendelkezik:<\/p><ul>\n                    <li>\u00d6nnek joga van tudni, hogy mi\u00e9rt van sz\u00fcks\u00e9g az \u00d6n szem\u00e9lyes adataira, mi t\u00f6rt\u00e9nik azokkal, \u00e9s mennyi ideig t\u00e1rolj\u00e1k azokat.<\/li>\n                    <li>Hozz\u00e1f\u00e9r\u00e9si jog: \u00d6nnek joga van hozz\u00e1f\u00e9rni az \u00d6n \u00e1ltalunk ismert szem\u00e9lyes adataihoz.<\/li>\n                    <li>Helyesb\u00edt\u00e9shez val\u00f3 jog: \u00d6n b\u00e1rmikor jogosult szem\u00e9lyes adatait kieg\u00e9sz\u00edteni, helyesb\u00edteni, t\u00f6r\u00f6lni vagy z\u00e1rolni.<\/li>\n                    <li>Ha \u00d6n hozz\u00e1j\u00e1rul\u00e1s\u00e1t adta az adatai feldolgoz\u00e1s\u00e1hoz, joga van a hozz\u00e1j\u00e1rul\u00e1s visszavon\u00e1s\u00e1hoz \u00e9s szem\u00e9lyes adatainak t\u00f6rl\u00e9s\u00e9hez.<\/li>\n                    <li>Az adattov\u00e1bb\u00edt\u00e1shoz val\u00f3 jog: \u00d6n jogosult arra, hogy az adatkezel\u0151t\u0151l k\u00e9rje az \u00f6sszes szem\u00e9lyes adat\u00e1t, \u00e9s azokat teljes eg\u00e9sz\u00e9ben tov\u00e1bb\u00edtsa egy m\u00e1sik adatkezel\u0151nek.<\/li>\n                    <li>Tiltakoz\u00e1shoz val\u00f3 jog: \u00d6n tiltakozhat adatai feldolgoz\u00e1sa ellen. Ennek eleget tesz\u00fcnk, kiv\u00e9ve, ha az adatkezel\u00e9snek indokolt okai vannak.<\/li>\n                <\/ul><p>Ezen jogok gyakorl\u00e1s\u00e1hoz k\u00e9rj\u00fck, l\u00e9pjen kapcsolatba vel\u00fcnk. K\u00e9rj\u00fck, olvassa el a jelen Cookie-szab\u00e1lyzat alj\u00e1n tal\u00e1lhat\u00f3 el\u00e9rhet\u0151s\u00e9geket. Ha panasza van azzal kapcsolatban, hogy hogyan kezelj\u00fck az adatait, sz\u00edvesen meghallgatjuk, de joga van panaszt tenni a fel\u00fcgyeleti hat\u00f3s\u00e1gn\u00e1l (az Adatv\u00e9delmi Hat\u00f3s\u00e1gn\u00e1l) is.<\/p><h2>10. Kapcsolattart\u00e1si adatok<\/h2><p>A Cookie-szab\u00e1lyzatunkkal \u00e9s a jelen nyilatkozattal kapcsolatos k\u00e9rd\u00e9sekkel \u00e9s\/vagy megjegyz\u00e9sekkel kapcsolatban k\u00e9rj\u00fck, l\u00e9pjen kapcsolatba vel\u00fcnk az al\u00e1bbi el\u00e9rhet\u0151s\u00e9geken:<\/p><p><span class=\"cmplz-contact-organisation\">Ace M\u00e9dias<\/span><br>\n                      <span class=\"cmplz-contact-address\">3 rue de Thionville<br \/>\n57920 K\u00e9dange sur Canner<\/span><br>\n                      <span class=\"cmplz-contact-country\">Franciaorsz\u00e1g<\/span><br>\n                      <span class=\"cmplz-contact-domain\">Weboldal: <a href=\"https:\/\/wellness-nutrition-business.com\/hu\">https:\/\/wellness-nutrition-business.com\/hu<\/a><\/span><br>\n                      <span class=\"cmplz-contact-email\">E-mail: <span class=\"cmplz-obfuscate\">&#105;&#110;&#102;&#111;@<span class=\"cmplz-fmail-domain\">ex.&#099;&#111;&#109;<\/span>welln&#101;ss-&#110;&#117;&#116;&#114;iti&#111;n&#045;busin&#101;ss.&#099;om<\/span><\/span><br>\n                    <span class=\"cmplz-contact-telephone\">Telefonsz\u00e1m: +33681937697<\/span><\/p><p>Ez a Cookie szab\u00e1lyzat szinkroniz\u00e1l\u00e1sra ker\u00fclt a <a href=\"https:\/\/cookiedatabase.org\/\" target=\"_blank\" rel=\"nofollow noopener\">cookiedatabase.org<\/a> on 8 janu\u00e1r 2025.<\/p><\/div>","protected":false},"excerpt":{"rendered":"","protected":false},"author":1,"featured_media":0,"parent":0,"menu_order":0,"comment_status":"closed","ping_status":"closed","template":"","meta":{"_acf_changed":false,"_et_pb_use_builder":"","_et_pb_old_content":"","_et_gb_content_width":"","_mbp_gutenberg_autopost":false,"two_page_speed":[],"footnotes":""},"class_list":["post-543","page","type-page","status-publish","hentry"],"acf":[],"_links":{"self":[{"href":"https:\/\/wellness-nutrition-business.com\/hu\/wp-json\/wp\/v2\/pages\/543","targetHints":{"allow":["GET"]}}],"collection":[{"href":"https:\/\/wellness-nutrition-business.com\/hu\/wp-json\/wp\/v2\/pages"}],"about":[{"href":"https:\/\/wellness-nutrition-business.com\/hu\/wp-json\/wp\/v2\/types\/page"}],"author":[{"embeddable":true,"href":"https:\/\/wellness-nutrition-business.com\/hu\/wp-json\/wp\/v2\/users\/1"}],"replies":[{"embeddable":true,"href":"https:\/\/wellness-nutrition-business.com\/hu\/wp-json\/wp\/v2\/comments?post=543"}],"version-history":[{"count":0,"href":"https:\/\/wellness-nutrition-business.com\/hu\/wp-json\/wp\/v2\/pages\/543\/revisions"}],"wp:attachment":[{"href":"https:\/\/wellness-nutrition-business.com\/hu\/wp-json\/wp\/v2\/media?parent=543"}],"curies":[{"name":"wp","href":"https:\/\/api.w.org\/{rel}","templated":true}]}}